{"id":7517,"date":"2025-06-23T20:19:25","date_gmt":"2025-06-23T20:19:25","guid":{"rendered":"https:\/\/mhm.art\/?page_id=7517"},"modified":"2026-01-21T12:28:20","modified_gmt":"2026-01-21T12:28:20","slug":"la-mort-dans-la-main","status":"publish","type":"page","link":"https:\/\/mhm.art\/fr\/la-mort-dans-la-main\/","title":{"rendered":""},"content":{"rendered":"<div style=\"height:3px\" aria-hidden=\"true\" class=\"wp-block-spacer\"><\/div>\n\n\n\n<div class=\"wp-block-group alignfull is-layout-constrained wp-container-core-group-is-layout-73405a87 wp-block-group-is-layout-constrained\">\n<figure class=\"wp-block-image aligncenter size-full is-resized\"><img loading=\"lazy\" decoding=\"async\" width=\"2560\" height=\"2560\" src=\"https:\/\/mhm.art\/wp-content\/uploads\/2026\/01\/lamortdanslamain-by-havva-dural-scaled.png\" alt=\"\" class=\"wp-image-12638\" style=\"width:480px\" srcset=\"https:\/\/mhm.art\/wp-content\/uploads\/2026\/01\/lamortdanslamain-by-havva-dural-scaled.png 2560w, https:\/\/mhm.art\/wp-content\/uploads\/2026\/01\/lamortdanslamain-by-havva-dural-300x300.png 300w, https:\/\/mhm.art\/wp-content\/uploads\/2026\/01\/lamortdanslamain-by-havva-dural-1024x1024.png 1024w, https:\/\/mhm.art\/wp-content\/uploads\/2026\/01\/lamortdanslamain-by-havva-dural-150x150.png 150w, https:\/\/mhm.art\/wp-content\/uploads\/2026\/01\/lamortdanslamain-by-havva-dural-768x768.png 768w, https:\/\/mhm.art\/wp-content\/uploads\/2026\/01\/lamortdanslamain-by-havva-dural-1536x1536.png 1536w, https:\/\/mhm.art\/wp-content\/uploads\/2026\/01\/lamortdanslamain-by-havva-dural-2048x2048.png 2048w, https:\/\/mhm.art\/wp-content\/uploads\/2026\/01\/lamortdanslamain-by-havva-dural-12x12.png 12w, https:\/\/mhm.art\/wp-content\/uploads\/2026\/01\/lamortdanslamain-by-havva-dural-1320x1320.png 1320w\" sizes=\"auto, (max-width: 2560px) 100vw, 2560px\" \/><\/figure>\n\n\n\n<div style=\"margin-top:0;margin-bottom:0;height:40px\" aria-hidden=\"true\" class=\"wp-block-spacer\"><\/div>\n\n\n\n<figure class=\"wp-block-image aligncenter size-full is-resized wp-duotone-rgb24218573-rgb24218573-1\" style=\"margin-top:0;margin-right:0;margin-bottom:0;margin-left:0\"><img loading=\"lazy\" decoding=\"async\" width=\"898\" height=\"654\" src=\"https:\/\/mhm.art\/wp-content\/uploads\/2025\/12\/mhm_sesiff.png\" alt=\"\" class=\"wp-image-11669\" style=\"width:120px\" srcset=\"https:\/\/mhm.art\/wp-content\/uploads\/2025\/12\/mhm_sesiff.png 898w, https:\/\/mhm.art\/wp-content\/uploads\/2025\/12\/mhm_sesiff-300x218.png 300w, https:\/\/mhm.art\/wp-content\/uploads\/2025\/12\/mhm_sesiff-768x559.png 768w, https:\/\/mhm.art\/wp-content\/uploads\/2025\/12\/mhm_sesiff-16x12.png 16w\" sizes=\"auto, (max-width: 898px) 100vw, 898px\" \/><\/figure>\n\n\n\n<div style=\"margin-top:0;margin-bottom:0;height:2px\" aria-hidden=\"true\" class=\"wp-block-spacer\"><\/div>\n\n\n\n<p class=\"has-text-align-center\" style=\"font-size:clamp(14px, 0.875rem + ((1vw - 3.2px) * 0.223), 15px);\"><a href=\"https:\/\/hyperfollow.com\/lamortdanslamain\" title=\"\">DISPONIBLE SUR TOUTES LES PLATEFORMES DE STREAMING<\/a><\/p>\n\n\n\n<p class=\"has-text-align-left is-style-default\" style=\"font-size:clamp(14px, 0.875rem + ((1vw - 3.2px) * 0.223), 15px);\"><em>La mort dans la main<\/em>, r\u00e9alis\u00e9 par Jim Stayne, est un court-m\u00e9trage en noir et blanc inspir\u00e9 par l\u2019esprit du film noir classique. <\/p>\n\n\n\n<p class=\"has-text-align-left is-style-default\" style=\"font-size:clamp(14px, 0.875rem + ((1vw - 3.2px) * 0.223), 15px);\">Cr\u00e9\u00e9 pour la 15\u1d49 \u00e9dition du Nikon Film Festival, il a ensuite \u00e9t\u00e9 officiellement s\u00e9lectionn\u00e9 au Seoul International Extreme Short Image &amp; Film Festival. <\/p>\n\n\n\n<p class=\"has-text-align-left is-style-default\" style=\"font-size:clamp(14px, 0.875rem + ((1vw - 3.2px) * 0.223), 15px);\">Le film rend hommage au cin\u00e9ma d\u2019Alfred Hitchcock \u2014 et, par extension, \u00e0 la musique de Bernard Herrmann. <\/p>\n\n\n\n<p class=\"has-text-align-left is-style-default\" style=\"font-size:clamp(14px, 0.875rem + ((1vw - 3.2px) * 0.223), 15px);\">Enti\u00e8rement muet, le film ne contient ni dialogue ni sound design ; son univers sonore repose exclusivement sur une musique originale compos\u00e9e par MHM. Inspir\u00e9e des bandes originales embl\u00e9matiques des ann\u00e9es 1950 et 1960, la musique m\u00eale de courts motifs, des cellules rythmiques dynamiques et une pr\u00e9f\u00e9rence assum\u00e9e pour la dissonance plut\u00f4t que la m\u00e9lodie.<\/p>\n\n\n\n<p class=\"has-text-align-left is-style-default\" style=\"font-size:clamp(14px, 0.875rem + ((1vw - 3.2px) * 0.223), 15px);\">La musique jouant un r\u00f4le central dans la narration et la structure \u00e9motionnelle du film, MHM s\u2019est plong\u00e9 pendant plusieurs semaines dans l\u2019\u00e9coute de bandes originales de films noirs afin d\u2019en absorber l\u2019atmosph\u00e8re, le rythme et le langage stylistique.<\/p>\n<\/div>\n\n\n\n<div style=\"height:3px\" aria-hidden=\"true\" class=\"wp-block-spacer\"><\/div>\n\n\n\n<div class=\"wp-block-group alignfull is-layout-constrained wp-container-core-group-is-layout-73405a87 wp-block-group-is-layout-constrained\">\n<figure class=\"wp-block-embed is-type-video is-provider-youtube wp-block-embed-youtube wp-embed-aspect-16-9 wp-has-aspect-ratio\" style=\"margin-top:0;margin-bottom:0\"><div class=\"wp-block-embed__wrapper\">\n<iframe loading=\"lazy\" title=\"La Mort dans la main - Court m\u00e9trage\" width=\"500\" height=\"281\" src=\"https:\/\/www.youtube.com\/embed\/95qXJDgsMO0?feature=oembed\" frameborder=\"0\" allow=\"accelerometer; autoplay; clipboard-write; encrypted-media; gyroscope; picture-in-picture; web-share\" referrerpolicy=\"strict-origin-when-cross-origin\" allowfullscreen><\/iframe>\n<\/div><\/figure>\n<\/div>","protected":false},"excerpt":{"rendered":"<p>AVAILABLE ON ALL STREAMING PLATFORMS La mort dans la main, directed by Jim Stayne, is a black-and-white short film inspired by the spirit of classic film noir. Created for the 15\u1d57\u02b0 edition of the Nikon Film Festival, it was later officially selected for the Seoul International Extreme Short Image &amp; Film Festival. The film pays [&hellip;]<\/p>\n","protected":false},"author":1,"featured_media":0,"parent":0,"menu_order":0,"comment_status":"closed","ping_status":"closed","template":"","meta":{"_monsterinsights_skip_tracking":false,"_monsterinsights_sitenote_active":false,"_monsterinsights_sitenote_note":"","_monsterinsights_sitenote_category":0,"_glsr_average":0,"_glsr_ranking":0,"_glsr_reviews":0,"footnotes":"","beyondwords_generate_audio":"","beyondwords_integration_method":"","beyondwords_project_id":"","beyondwords_content_id":"","beyondwords_preview_token":"","beyondwords_player_content":"","beyondwords_player_style":"","beyondwords_language_code":"","beyondwords_language_id":"","beyondwords_title_voice_id":"","beyondwords_body_voice_id":"","beyondwords_summary_voice_id":"","beyondwords_error_message":"#401: Unauthorized","beyondwords_disabled":"","beyondwords_delete_content":"","beyondwords_podcast_id":"","beyondwords_hash":"","publish_post_to_speechkit":"","speechkit_hash":"","speechkit_generate_audio":"","speechkit_project_id":"","speechkit_podcast_id":"","speechkit_error_message":"","speechkit_disabled":"","speechkit_access_key":"","speechkit_error":"","speechkit_info":"","speechkit_response":"","speechkit_retries":"","speechkit_status":"","speechkit_updated_at":"","_speechkit_link":"","_speechkit_text":""},"class_list":["post-7517","page","type-page","status-publish","hentry"],"aioseo_notices":[],"_links":{"self":[{"href":"https:\/\/mhm.art\/fr\/wp-json\/wp\/v2\/pages\/7517","targetHints":{"allow":["GET"]}}],"collection":[{"href":"https:\/\/mhm.art\/fr\/wp-json\/wp\/v2\/pages"}],"about":[{"href":"https:\/\/mhm.art\/fr\/wp-json\/wp\/v2\/types\/page"}],"author":[{"embeddable":true,"href":"https:\/\/mhm.art\/fr\/wp-json\/wp\/v2\/users\/1"}],"replies":[{"embeddable":true,"href":"https:\/\/mhm.art\/fr\/wp-json\/wp\/v2\/comments?post=7517"}],"version-history":[{"count":128,"href":"https:\/\/mhm.art\/fr\/wp-json\/wp\/v2\/pages\/7517\/revisions"}],"predecessor-version":[{"id":12856,"href":"https:\/\/mhm.art\/fr\/wp-json\/wp\/v2\/pages\/7517\/revisions\/12856"}],"wp:attachment":[{"href":"https:\/\/mhm.art\/fr\/wp-json\/wp\/v2\/media?parent=7517"}],"curies":[{"name":"wp","href":"https:\/\/api.w.org\/{rel}","templated":true}]}}