{"id":4226,"date":"2022-10-16T20:08:08","date_gmt":"2022-10-16T20:08:08","guid":{"rendered":"https:\/\/mhm.art\/?page_id=4226"},"modified":"2026-04-04T11:13:42","modified_gmt":"2026-04-04T11:13:42","slug":"services","status":"publish","type":"page","link":"https:\/\/mhm.art\/fr\/services\/","title":{"rendered":"Services"},"content":{"rendered":"<div style=\"height:35px\" aria-hidden=\"true\" class=\"wp-block-spacer\"><\/div>\n\n\n\n<div class=\"wp-block-group alignfull is-layout-constrained wp-container-core-group-is-layout-73405a87 wp-block-group-is-layout-constrained\">\n<div class=\"wp-block-columns is-layout-flex wp-container-core-columns-is-layout-28f84493 wp-block-columns-is-layout-flex\" style=\"border-radius:0px\">\n<div class=\"wp-block-column all-services has-secondary-background-color has-background is-layout-flow wp-block-column-is-layout-flow\" style=\"border-style:none;border-width:0px;border-radius:1px;padding-top:var(--wp--preset--spacing--x-small);padding-right:var(--wp--preset--spacing--x-small);padding-bottom:var(--wp--preset--spacing--x-small);padding-left:var(--wp--preset--spacing--x-small)\">\n<figure class=\"wp-block-image aligncenter size-full is-resized\"><img loading=\"lazy\" decoding=\"async\" width=\"512\" height=\"512\" src=\"https:\/\/mhm.art\/wp-content\/uploads\/2025\/07\/mhm_film.png\" alt=\"\" class=\"wp-image-8074\" style=\"width:30px\" srcset=\"https:\/\/mhm.art\/wp-content\/uploads\/2025\/07\/mhm_film.png 512w, https:\/\/mhm.art\/wp-content\/uploads\/2025\/07\/mhm_film-300x300.png 300w, https:\/\/mhm.art\/wp-content\/uploads\/2025\/07\/mhm_film-150x150.png 150w, https:\/\/mhm.art\/wp-content\/uploads\/2025\/07\/mhm_film-12x12.png 12w\" sizes=\"auto, (max-width: 512px) 100vw, 512px\" \/><\/figure>\n\n\n\n<h6 class=\"wp-block-heading has-text-align-center has-primary-color has-text-color has-link-color wp-elements-8b27a69621097a887d90ff7883acb8c9\">CIN\u00c9MA<\/h6>\n\n\n\n<p class=\"has-text-align-center has-primary-color has-text-color has-link-color wp-elements-a919e27bbadc1a7dff4cca5d811355dc\" style=\"font-size:clamp(14px, 0.875rem + ((1vw - 3.2px) * 0.223), 15px);\">Une musique sur mesure port\u00e9e par la narration, qui intensifie l\u2019\u00e9motion, rythme chaque sc\u00e8ne et donne \u00e0 l\u2019histoire une r\u00e9sonance plus profonde. Soigneusement pens\u00e9e en accord avec la vision du r\u00e9alisateur, elle devient un personnage invisible, guidant l\u2019\u00e9motion, fluidifiant les transitions et renfor\u00e7ant la structure dramatique sans jamais \u00e9clipser la narration.<\/p>\n<\/div>\n\n\n\n<div class=\"wp-block-column all-services has-secondary-background-color has-background is-layout-flow wp-block-column-is-layout-flow\" style=\"border-style:none;border-width:0px;border-radius:1px;padding-top:var(--wp--preset--spacing--x-small);padding-right:var(--wp--preset--spacing--x-small);padding-bottom:var(--wp--preset--spacing--x-small);padding-left:var(--wp--preset--spacing--x-small)\">\n<figure class=\"wp-block-image aligncenter size-full is-resized\"><img loading=\"lazy\" decoding=\"async\" width=\"512\" height=\"512\" src=\"https:\/\/mhm.art\/wp-content\/uploads\/2025\/07\/mhm_sound_design.png\" alt=\"\" class=\"wp-image-8127\" style=\"width:30px;height:auto\" srcset=\"https:\/\/mhm.art\/wp-content\/uploads\/2025\/07\/mhm_sound_design.png 512w, https:\/\/mhm.art\/wp-content\/uploads\/2025\/07\/mhm_sound_design-300x300.png 300w, https:\/\/mhm.art\/wp-content\/uploads\/2025\/07\/mhm_sound_design-150x150.png 150w, https:\/\/mhm.art\/wp-content\/uploads\/2025\/07\/mhm_sound_design-12x12.png 12w\" sizes=\"auto, (max-width: 512px) 100vw, 512px\" \/><\/figure>\n\n\n\n<h6 class=\"wp-block-heading has-text-align-center has-18-font-size\">SOUND DESIGN<\/h6>\n\n\n\n<p class=\"has-text-align-center has-primary-color has-text-color has-link-color wp-elements-4956032321782ebdeb53cf412b516852\" style=\"font-size:clamp(14px, 0.875rem + ((1vw - 3.2px) * 0.223), 15px);\">Un sound design professionnel qui cr\u00e9e une atmosph\u00e8re unique et offre une exp\u00e9rience inoubliable, en enrichissant le parcours sensoriel dans une grande vari\u00e9t\u00e9 d\u2019environnements immersifs tels que les escape games, les installations artistiques, les expositions interactives, les parcours mus\u00e9ographiques, le mapping vid\u00e9o, les spectacles vivants, les concept stores, les restaurants immersifs, etc.<\/p>\n<\/div>\n\n\n\n<div class=\"wp-block-column all-services has-secondary-background-color has-background is-layout-flow wp-block-column-is-layout-flow\" style=\"border-style:none;border-width:0px;border-radius:1px;padding-top:var(--wp--preset--spacing--x-small);padding-right:var(--wp--preset--spacing--x-small);padding-bottom:var(--wp--preset--spacing--x-small);padding-left:var(--wp--preset--spacing--x-small)\">\n<figure class=\"wp-block-image aligncenter size-full is-resized\"><img loading=\"lazy\" decoding=\"async\" width=\"512\" height=\"512\" src=\"https:\/\/mhm.art\/wp-content\/uploads\/2025\/08\/cle.png\" alt=\"\" class=\"wp-image-9261\" style=\"width:30px\" srcset=\"https:\/\/mhm.art\/wp-content\/uploads\/2025\/08\/cle.png 512w, https:\/\/mhm.art\/wp-content\/uploads\/2025\/08\/cle-300x300.png 300w, https:\/\/mhm.art\/wp-content\/uploads\/2025\/08\/cle-150x150.png 150w, https:\/\/mhm.art\/wp-content\/uploads\/2025\/08\/cle-12x12.png 12w\" sizes=\"auto, (max-width: 512px) 100vw, 512px\" \/><\/figure>\n\n\n\n<h6 class=\"wp-block-heading has-text-align-center has-18-font-size\">ESCAPE GAME<\/h6>\n\n\n\n<p class=\"has-text-align-center has-primary-color has-text-color has-link-color wp-elements-ba3a6837efe339dcfad91b91b0d09d9e\" style=\"font-size:clamp(14px, 0.875rem + ((1vw - 3.2px) * 0.223), 15px);\">Un sound design sur mesure et une musique originale con\u00e7us pour les escape games, afin de cr\u00e9er de la tension, orienter les joueurs et renforcer l\u2019immersion \u00e0 chaque \u00e9tape de l\u2019exp\u00e9rience. Gr\u00e2ce \u00e0 une exp\u00e9rience directe dans le milieu et plus de 100 escape games jou\u00e9s, chaque cr\u00e9ation s\u2019appuie sur une compr\u00e9hension solide des m\u00e9caniques de jeu et de ce qui capte r\u00e9ellement l\u2019attention des joueurs.   <\/p>\n<\/div>\n<\/div>\n<\/div>\n\n\n\n<div class=\"wp-block-group alignfull is-layout-constrained wp-container-core-group-is-layout-73405a87 wp-block-group-is-layout-constrained\">\n<div class=\"wp-block-columns is-layout-flex wp-container-core-columns-is-layout-28f84493 wp-block-columns-is-layout-flex\">\n<div class=\"wp-block-column all-services has-secondary-background-color has-background is-layout-flow wp-block-column-is-layout-flow\" style=\"border-style:none;border-width:0px;border-radius:1px;padding-top:var(--wp--preset--spacing--x-small);padding-right:var(--wp--preset--spacing--x-small);padding-bottom:var(--wp--preset--spacing--x-small);padding-left:var(--wp--preset--spacing--x-small)\">\n<figure class=\"wp-block-image aligncenter size-full is-resized\"><img loading=\"lazy\" decoding=\"async\" width=\"512\" height=\"512\" src=\"https:\/\/mhm.art\/wp-content\/uploads\/2025\/07\/basic-joypad_97801.png\" alt=\"\" class=\"wp-image-8077\" style=\"width:30px\" srcset=\"https:\/\/mhm.art\/wp-content\/uploads\/2025\/07\/basic-joypad_97801.png 512w, https:\/\/mhm.art\/wp-content\/uploads\/2025\/07\/basic-joypad_97801-300x300.png 300w, https:\/\/mhm.art\/wp-content\/uploads\/2025\/07\/basic-joypad_97801-150x150.png 150w, https:\/\/mhm.art\/wp-content\/uploads\/2025\/07\/basic-joypad_97801-12x12.png 12w\" sizes=\"auto, (max-width: 512px) 100vw, 512px\" \/><\/figure>\n\n\n\n<h6 class=\"wp-block-heading has-text-align-center has-18-font-size\">JEU VID\u00c9O<\/h6>\n\n\n\n<p class=\"has-text-align-center has-primary-color has-text-color has-link-color wp-elements-4e456de07019f8e43df51d2ab12ab664\" style=\"font-size:clamp(14px, 0.875rem + ((1vw - 3.2px) * 0.223), 15px);\">Une musique immersive qui trouve le juste \u00e9quilibre entre visuels, narration et gameplay, con\u00e7ue pour accompagner le rythme interactif, renforcer les arcs \u00e9motionnels et intensifier l\u2019immersion. Des textures d\u2019ambiance subtiles aux th\u00e8mes narratifs dynamiques, chaque couche musicale sublime l\u2019exp\u00e9rience du d\u00e9but \u00e0 la fin.<\/p>\n<\/div>\n\n\n\n<div class=\"wp-block-column all-services has-secondary-background-color has-background is-layout-flow wp-block-column-is-layout-flow\" style=\"border-style:none;border-width:0px;border-radius:1px;padding-top:var(--wp--preset--spacing--x-small);padding-right:var(--wp--preset--spacing--x-small);padding-bottom:var(--wp--preset--spacing--x-small);padding-left:var(--wp--preset--spacing--x-small)\">\n<figure class=\"wp-block-image aligncenter size-large is-resized\"><img loading=\"lazy\" decoding=\"async\" width=\"1024\" height=\"1016\" src=\"https:\/\/mhm.art\/wp-content\/uploads\/2025\/07\/mhm_tv-1024x1016.png\" alt=\"\" class=\"wp-image-8071\" style=\"width:30px\" srcset=\"https:\/\/mhm.art\/wp-content\/uploads\/2025\/07\/mhm_tv-1024x1016.png 1024w, https:\/\/mhm.art\/wp-content\/uploads\/2025\/07\/mhm_tv-300x298.png 300w, https:\/\/mhm.art\/wp-content\/uploads\/2025\/07\/mhm_tv-150x150.png 150w, https:\/\/mhm.art\/wp-content\/uploads\/2025\/07\/mhm_tv-768x762.png 768w, https:\/\/mhm.art\/wp-content\/uploads\/2025\/07\/mhm_tv-1536x1524.png 1536w, https:\/\/mhm.art\/wp-content\/uploads\/2025\/07\/mhm_tv-12x12.png 12w, https:\/\/mhm.art\/wp-content\/uploads\/2025\/07\/mhm_tv-1320x1310.png 1320w, https:\/\/mhm.art\/wp-content\/uploads\/2025\/07\/mhm_tv.png 1920w\" sizes=\"auto, (max-width: 1024px) 100vw, 1024px\" \/><\/figure>\n\n\n\n<h6 class=\"wp-block-heading has-text-align-center has-18-font-size\">PUBLICIT\u00c9<\/h6>\n\n\n\n<p class=\"has-text-align-center has-primary-color has-text-color has-link-color wp-elements-4447ecb0010ede1a5dc28f7d0844fdaf\" style=\"font-size:clamp(14px, 0.875rem + ((1vw - 3.2px) * 0.223), 15px);\">Une musique strat\u00e9gique con\u00e7ue pour valoriser vos campagnes, capter l\u2019attention et g\u00e9n\u00e9rer des r\u00e9sultats mesurables. Chaque composition est pens\u00e9e pour renforcer votre message, maximiser l\u2019impact sur l\u2019ensemble de vos supports et soutenir la voix de votre marque, afin que votre audience n\u2019entende pas seulement votre histoire, mais la ressente pleinement et s\u2019en souvienne.<\/p>\n<\/div>\n\n\n\n<div class=\"wp-block-column all-services has-secondary-background-color has-background is-layout-flow wp-block-column-is-layout-flow\" style=\"border-style:none;border-width:0px;border-radius:1px;padding-top:var(--wp--preset--spacing--x-small);padding-right:var(--wp--preset--spacing--x-small);padding-bottom:var(--wp--preset--spacing--x-small);padding-left:var(--wp--preset--spacing--x-small)\">\n<figure class=\"wp-block-image aligncenter size-thumbnail is-resized\"><img loading=\"lazy\" decoding=\"async\" width=\"150\" height=\"150\" src=\"https:\/\/mhm.art\/wp-content\/uploads\/2025\/07\/mhm_sonic_branding-150x150.png\" alt=\"\" class=\"wp-image-8061\" style=\"width:30px\" srcset=\"https:\/\/mhm.art\/wp-content\/uploads\/2025\/07\/mhm_sonic_branding-150x150.png 150w, https:\/\/mhm.art\/wp-content\/uploads\/2025\/07\/mhm_sonic_branding-300x300.png 300w, https:\/\/mhm.art\/wp-content\/uploads\/2025\/07\/mhm_sonic_branding-12x12.png 12w, https:\/\/mhm.art\/wp-content\/uploads\/2025\/07\/mhm_sonic_branding.png 512w\" sizes=\"auto, (max-width: 150px) 100vw, 150px\" \/><\/figure>\n\n\n\n<h6 class=\"wp-block-heading has-text-align-center has-18-font-size\">IDENTIT\u00c9 SONORE<\/h6>\n\n\n\n<p class=\"has-text-align-center has-primary-color has-text-color has-link-color wp-elements-08da693c798c6bd48d20d8205e44ec0c\" style=\"font-size:clamp(14px, 0.875rem + ((1vw - 3.2px) * 0.223), 15px);\">Un logo audio personnalis\u00e9 et des identit\u00e9s sonores uniques qui captent l\u2019essence de votre marque, la rendent imm\u00e9diatement reconnaissable et renforcent l\u2019engagement sur tous les points de contact. Chaque \u00e9l\u00e9ment sonore est con\u00e7u pour favoriser la connexion \u00e9motionnelle, la m\u00e9morisation et la coh\u00e9rence de marque, faisant du son un v\u00e9ritable atout strat\u00e9gique.<\/p>\n<\/div>\n<\/div>\n<\/div>\n\n\n\n<div style=\"height:0px\" aria-hidden=\"true\" class=\"wp-block-spacer\"><\/div>\n\n\n\n<figure class=\"wp-block-image aligncenter size-full is-resized wp-duotone-rgb439360-rgb439360-1\"><img loading=\"lazy\" decoding=\"async\" width=\"226\" height=\"226\" src=\"https:\/\/mhm.art\/wp-content\/uploads\/2025\/10\/plusdark.png\" alt=\"\" class=\"wp-image-9378\" style=\"width:15px\" srcset=\"https:\/\/mhm.art\/wp-content\/uploads\/2025\/10\/plusdark.png 226w, https:\/\/mhm.art\/wp-content\/uploads\/2025\/10\/plusdark-150x150.png 150w, https:\/\/mhm.art\/wp-content\/uploads\/2025\/10\/plusdark-12x12.png 12w\" sizes=\"auto, (max-width: 226px) 100vw, 226px\" \/><\/figure>\n\n\n<p class=\"fonts-plugin-block\" style=\"font-size: 15px !important;text-align: center !important\"><strong>Chaque prestation inclut :<\/strong><br>\u2013 Composition originale sur mesure<br>\u2013 Disponibilit\u00e9 et implication cr\u00e9ative tout au long du projet<br>\u2013 Mixage et mastering<br>\u2013 <strong>Livraison des fichiers finaux aux formats WAV et MP3<\/strong><\/p>\n\n\n<div style=\"margin-top:0;margin-bottom:0;height:12px\" aria-hidden=\"true\" class=\"wp-block-spacer\"><\/div>\n\n\n\n<figure class=\"wp-block-image aligncenter size-large is-resized is-style-default wp-duotone-rgb439360-rgb439360-2\" style=\"margin-top:0;margin-bottom:0\"><img loading=\"lazy\" decoding=\"async\" width=\"1024\" height=\"1024\" src=\"https:\/\/mhm.art\/wp-content\/uploads\/2026\/01\/Abstract-Shape-49-white-on-transparent-1024x1024.png\" alt=\"\" class=\"wp-image-12618\" style=\"width:300px\" srcset=\"https:\/\/mhm.art\/wp-content\/uploads\/2026\/01\/Abstract-Shape-49-white-on-transparent-1024x1024.png 1024w, https:\/\/mhm.art\/wp-content\/uploads\/2026\/01\/Abstract-Shape-49-white-on-transparent-300x300.png 300w, https:\/\/mhm.art\/wp-content\/uploads\/2026\/01\/Abstract-Shape-49-white-on-transparent-150x150.png 150w, https:\/\/mhm.art\/wp-content\/uploads\/2026\/01\/Abstract-Shape-49-white-on-transparent-768x768.png 768w, https:\/\/mhm.art\/wp-content\/uploads\/2026\/01\/Abstract-Shape-49-white-on-transparent-1536x1536.png 1536w, https:\/\/mhm.art\/wp-content\/uploads\/2026\/01\/Abstract-Shape-49-white-on-transparent-2048x2048.png 2048w, https:\/\/mhm.art\/wp-content\/uploads\/2026\/01\/Abstract-Shape-49-white-on-transparent-12x12.png 12w, https:\/\/mhm.art\/wp-content\/uploads\/2026\/01\/Abstract-Shape-49-white-on-transparent-1320x1320.png 1320w\" sizes=\"auto, (max-width: 1024px) 100vw, 1024px\" \/><\/figure>\n\n\n\n<div class=\"wp-block-group alignfull is-layout-constrained wp-container-core-group-is-layout-73405a87 wp-block-group-is-layout-constrained\">\n<div class=\"wp-block-group is-style-default has-border-color is-layout-constrained wp-container-core-group-is-layout-ff3cd803 wp-block-group-is-layout-constrained\" style=\"border-color:#2b5d3c;border-width:1px;border-radius:1px;margin-top:var(--wp--preset--spacing--x-small);margin-bottom:var(--wp--preset--spacing--x-small);padding-top:0;padding-right:0;padding-bottom:0;padding-left:0\"><p class=\"fonts-plugin-block\" style=\"font-family: Inconsolata !important;font-size: 15px !important;text-align: center !important\"><strong>TARIF :<\/strong><\/p>\n\n<p class=\"fonts-plugin-block\" style=\"font-family: Inconsolata !important;font-size: 15px !important;text-align: center !important\">Comme pour la musique, les tarifs sont enti\u00e8rement sur mesure et adapt\u00e9s aux besoins sp\u00e9cifiques de chaque projet.\u00a0<br><strong><strong>N\u2019h\u00e9sitez pas \u00e0 nous contacter pour \u00e9changer autour de votre vision ou demander un devis personnalis\u00e9.<\/strong><\/strong><\/p><\/div>\n<\/div>\n\n\n\n<div style=\"margin-top:0;margin-bottom:0;height:1px\" aria-hidden=\"true\" class=\"wp-block-spacer\"><\/div>\n\n\n\n<figure class=\"wp-block-image aligncenter size-full is-resized wp-duotone-rgb439360-rgb439360-3\"><img loading=\"lazy\" decoding=\"async\" width=\"341\" height=\"490\" src=\"https:\/\/mhm.art\/wp-content\/uploads\/2025\/10\/arrowdark.png\" alt=\"\" class=\"wp-image-9408\" style=\"width:12px\" srcset=\"https:\/\/mhm.art\/wp-content\/uploads\/2025\/10\/arrowdark.png 341w, https:\/\/mhm.art\/wp-content\/uploads\/2025\/10\/arrowdark-209x300.png 209w, https:\/\/mhm.art\/wp-content\/uploads\/2025\/10\/arrowdark-8x12.png 8w\" sizes=\"auto, (max-width: 341px) 100vw, 341px\" \/><\/figure>\n\n\n\n<div style=\"height:15px\" aria-hidden=\"true\" class=\"wp-block-spacer\"><\/div>\n\n\n\n<div class=\"wp-block-buttons is-content-justification-center is-layout-flex wp-container-core-buttons-is-layout-11db0663 wp-block-buttons-is-layout-flex\">\n<div class=\"wp-block-button is-style-outline-secondary\"><a class=\"wp-block-button__link has-custom-font-size wp-element-button\" href=\"https:\/\/mhm.art\/fr\/contact\/\" style=\"border-top-left-radius:100px;border-top-right-radius:100px;border-bottom-left-radius:100px;border-bottom-right-radius:100px;padding-top:18px;padding-right:54px;padding-bottom:18px;padding-left:54px;font-size:clamp(14px, 0.875rem + ((1vw - 3.2px) * 0.223), 15px);letter-spacing:0px\">CONTACT<\/a><\/div>\n<\/div>","protected":false},"excerpt":{"rendered":"<p>FILM A narrative-driven, tailor-made score that heightens emotion, shapes each scene\u2019s rhythm, and gives the story deeper resonance. Carefully aligned with the director\u2019s vision, the music becomes an invisible character \u2014 guiding emotion, enhancing transitions, and reinforcing the dramatic structure without ever overshadowing the storytelling. SOUND DESIGN Professional sound design that creates a unique atmosphere [&hellip;]<\/p>\n","protected":false},"author":1,"featured_media":0,"parent":0,"menu_order":0,"comment_status":"closed","ping_status":"closed","template":"","meta":{"_monsterinsights_skip_tracking":false,"_monsterinsights_sitenote_active":false,"_monsterinsights_sitenote_note":"","_monsterinsights_sitenote_category":0,"_glsr_average":0,"_glsr_ranking":0,"_glsr_reviews":0,"footnotes":"","beyondwords_generate_audio":"1","beyondwords_integration_method":"rest-api","beyondwords_project_id":"13694","beyondwords_content_id":"","beyondwords_preview_token":"","beyondwords_player_content":"","beyondwords_player_style":"","beyondwords_language_code":"","beyondwords_language_id":"","beyondwords_title_voice_id":"","beyondwords_body_voice_id":"","beyondwords_summary_voice_id":"","beyondwords_error_message":"#401: Unauthorized","beyondwords_disabled":"1","beyondwords_delete_content":"","beyondwords_podcast_id":"5375879","beyondwords_hash":"4430672233fbebec2f18c25a5f96542025b7be01","publish_post_to_speechkit":"","speechkit_hash":"","speechkit_generate_audio":"","speechkit_project_id":"","speechkit_podcast_id":"","speechkit_error_message":"","speechkit_disabled":"","speechkit_access_key":"","speechkit_error":"","speechkit_info":"","speechkit_response":"","speechkit_retries":"","speechkit_status":"","speechkit_updated_at":"","_speechkit_link":"","_speechkit_text":""},"class_list":["post-4226","page","type-page","status-publish","hentry"],"aioseo_notices":[],"_links":{"self":[{"href":"https:\/\/mhm.art\/fr\/wp-json\/wp\/v2\/pages\/4226","targetHints":{"allow":["GET"]}}],"collection":[{"href":"https:\/\/mhm.art\/fr\/wp-json\/wp\/v2\/pages"}],"about":[{"href":"https:\/\/mhm.art\/fr\/wp-json\/wp\/v2\/types\/page"}],"author":[{"embeddable":true,"href":"https:\/\/mhm.art\/fr\/wp-json\/wp\/v2\/users\/1"}],"replies":[{"embeddable":true,"href":"https:\/\/mhm.art\/fr\/wp-json\/wp\/v2\/comments?post=4226"}],"version-history":[{"count":661,"href":"https:\/\/mhm.art\/fr\/wp-json\/wp\/v2\/pages\/4226\/revisions"}],"predecessor-version":[{"id":13386,"href":"https:\/\/mhm.art\/fr\/wp-json\/wp\/v2\/pages\/4226\/revisions\/13386"}],"wp:attachment":[{"href":"https:\/\/mhm.art\/fr\/wp-json\/wp\/v2\/media?parent=4226"}],"curies":[{"name":"wp","href":"https:\/\/api.w.org\/{rel}","templated":true}]}}