{"id":4223,"date":"2022-10-16T20:06:30","date_gmt":"2022-10-16T20:06:30","guid":{"rendered":"https:\/\/mhm.art\/?page_id=4223"},"modified":"2026-02-12T11:58:05","modified_gmt":"2026-02-12T11:58:05","slug":"art","status":"publish","type":"page","link":"https:\/\/mhm.art\/fr\/art\/","title":{"rendered":"Art"},"content":{"rendered":"<div style=\"height:15px\" aria-hidden=\"true\" class=\"wp-block-spacer\"><\/div>\n\n\n\n<div class=\"wp-block-group alignfull is-layout-constrained wp-container-core-group-is-layout-1fddcd31 wp-block-group-is-layout-constrained\">\n<p class=\"has-text-align-left\" style=\"font-size:clamp(14px, 0.875rem + ((1vw - 3.2px) * 0.223), 15px);\"><strong>MHM est avant tout reconnu pour sa musique, mais sa curiosit\u00e9 artistique s\u2019\u00e9tend bien au-del\u00e0 du seul domaine sonore.<\/strong>&nbsp;Avec humilit\u00e9 et cr\u00e9ativit\u00e9, il explore un large \u00e9ventail de disciplines artistiques, cherchant sans cesse \u00e0 \u00e9largir ses horizons et \u00e0 s\u2019aventurer sur de nouveaux territoires d\u2019expression. \u00c0 travers cette d\u00e9marche continue, il fa\u00e7onne une vision artistique singuli\u00e8re, en constante \u00e9volution, toujours plus novatrice et inspirante.<\/p>\n\n\n\n<div style=\"height:6px\" aria-hidden=\"true\" class=\"wp-block-spacer\"><\/div>\n\n\n\n<figure class=\"wp-block-image aligncenter size-medium is-resized\"><img loading=\"lazy\" decoding=\"async\" width=\"82\" height=\"300\" src=\"https:\/\/mhm.art\/wp-content\/uploads\/2022\/02\/arrow2-82x300.png\" alt=\"\" class=\"wp-image-9422\" style=\"width:20px\" srcset=\"https:\/\/mhm.art\/wp-content\/uploads\/2022\/02\/arrow2-82x300.png 82w, https:\/\/mhm.art\/wp-content\/uploads\/2022\/02\/arrow2-3x12.png 3w, https:\/\/mhm.art\/wp-content\/uploads\/2022\/02\/arrow2.png 127w\" sizes=\"auto, (max-width: 82px) 100vw, 82px\" \/><\/figure>\n\n\n\n<div style=\"height:6px\" aria-hidden=\"true\" class=\"wp-block-spacer\"><\/div>\n<\/div>\n\n\n\n<div class=\"wp-block-group alignfull is-layout-constrained wp-container-core-group-is-layout-73405a87 wp-block-group-is-layout-constrained\">\n<figure class=\"wp-block-image aligncenter size-full is-resized hypnosis wp-duotone-rgb255255255-080808-1\" style=\"margin-top:0;margin-bottom:0\"><img loading=\"lazy\" decoding=\"async\" width=\"2560\" height=\"2560\" src=\"https:\/\/mhm.art\/wp-content\/uploads\/2026\/01\/Abstract-Shape-14-black-on-transparent-scaled.png\" alt=\"\" class=\"wp-image-12885\" style=\"width:120px\" srcset=\"https:\/\/mhm.art\/wp-content\/uploads\/2026\/01\/Abstract-Shape-14-black-on-transparent-scaled.png 2560w, https:\/\/mhm.art\/wp-content\/uploads\/2026\/01\/Abstract-Shape-14-black-on-transparent-300x300.png 300w, https:\/\/mhm.art\/wp-content\/uploads\/2026\/01\/Abstract-Shape-14-black-on-transparent-1024x1024.png 1024w, https:\/\/mhm.art\/wp-content\/uploads\/2026\/01\/Abstract-Shape-14-black-on-transparent-150x150.png 150w, https:\/\/mhm.art\/wp-content\/uploads\/2026\/01\/Abstract-Shape-14-black-on-transparent-768x768.png 768w, https:\/\/mhm.art\/wp-content\/uploads\/2026\/01\/Abstract-Shape-14-black-on-transparent-1536x1536.png 1536w, https:\/\/mhm.art\/wp-content\/uploads\/2026\/01\/Abstract-Shape-14-black-on-transparent-2048x2048.png 2048w, https:\/\/mhm.art\/wp-content\/uploads\/2026\/01\/Abstract-Shape-14-black-on-transparent-12x12.png 12w, https:\/\/mhm.art\/wp-content\/uploads\/2026\/01\/Abstract-Shape-14-black-on-transparent-1320x1320.png 1320w\" sizes=\"auto, (max-width: 2560px) 100vw, 2560px\" \/><\/figure>\n\n\n\n<h2 class=\"wp-block-heading has-text-align-center\" style=\"margin-top:0\">OVERFLOW<\/h2>\n\n\n\n<figure class=\"wp-block-image aligncenter size-full is-resized\"><img loading=\"lazy\" decoding=\"async\" width=\"327\" height=\"165\" src=\"https:\/\/mhm.art\/wp-content\/uploads\/2023\/02\/Circle-Grouped.png\" alt=\"\" class=\"wp-image-5152\" style=\"width:82px;height:41px\" srcset=\"https:\/\/mhm.art\/wp-content\/uploads\/2023\/02\/Circle-Grouped.png 327w, https:\/\/mhm.art\/wp-content\/uploads\/2023\/02\/Circle-Grouped-300x151.png 300w\" sizes=\"auto, (max-width: 327px) 100vw, 327px\" \/><\/figure>\n\n\n\n<p style=\"font-size:clamp(14px, 0.875rem + ((1vw - 3.2px) * 0.223), 15px);\">Inspir\u00e9 par les ombres ext\u00e9rieures qui l'entourent autant que par celles, plus sombres et invisibles, qui l'habitent, <em>Overflow<\/em>&nbsp;est une s\u00e9rie de neuf dessins num\u00e9riques monochromes, cr\u00e9\u00e9e par MHM en 2022. Bien que con\u00e7ue plusieurs ann\u00e9es auparavant, la s\u00e9rie n\u2019a pas encore \u00e9t\u00e9 d\u00e9voil\u00e9e. MHM attend la forme ad\u00e9quate \u00e0 travers laquelle elle pourra v\u00e9ritablement prendre vie.<\/p>\n\n\n\n<div class=\"wp-block-columns is-not-stacked-on-mobile is-layout-flex wp-container-core-columns-is-layout-28f84493 wp-block-columns-is-layout-flex\">\n<div class=\"wp-block-column is-layout-flow wp-block-column-is-layout-flow\">\n<figure class=\"wp-block-image size-large is-style-canvas is-style-border is-style-default\"><img loading=\"lazy\" decoding=\"async\" width=\"768\" height=\"1024\" src=\"https:\/\/mhm.art\/wp-content\/uploads\/2025\/11\/OF-interrogation-768x1024.jpg\" alt=\"\" class=\"wp-image-9948\" srcset=\"https:\/\/mhm.art\/wp-content\/uploads\/2025\/11\/OF-interrogation-768x1024.jpg 768w, https:\/\/mhm.art\/wp-content\/uploads\/2025\/11\/OF-interrogation-225x300.jpg 225w, https:\/\/mhm.art\/wp-content\/uploads\/2025\/11\/OF-interrogation-1152x1536.jpg 1152w, https:\/\/mhm.art\/wp-content\/uploads\/2025\/11\/OF-interrogation-1536x2048.jpg 1536w, https:\/\/mhm.art\/wp-content\/uploads\/2025\/11\/OF-interrogation-9x12.jpg 9w, https:\/\/mhm.art\/wp-content\/uploads\/2025\/11\/OF-interrogation-1320x1760.jpg 1320w, https:\/\/mhm.art\/wp-content\/uploads\/2025\/11\/OF-interrogation-scaled.jpg 1920w\" sizes=\"auto, (max-width: 768px) 100vw, 768px\" \/><\/figure>\n\n\n\n<figure class=\"wp-block-image size-large is-style-canvas is-style-border is-style-default\"><img loading=\"lazy\" decoding=\"async\" width=\"768\" height=\"1024\" src=\"https:\/\/mhm.art\/wp-content\/uploads\/2025\/11\/OF-interrogation-768x1024.jpg\" alt=\"\" class=\"wp-image-9948\" srcset=\"https:\/\/mhm.art\/wp-content\/uploads\/2025\/11\/OF-interrogation-768x1024.jpg 768w, https:\/\/mhm.art\/wp-content\/uploads\/2025\/11\/OF-interrogation-225x300.jpg 225w, https:\/\/mhm.art\/wp-content\/uploads\/2025\/11\/OF-interrogation-1152x1536.jpg 1152w, https:\/\/mhm.art\/wp-content\/uploads\/2025\/11\/OF-interrogation-1536x2048.jpg 1536w, https:\/\/mhm.art\/wp-content\/uploads\/2025\/11\/OF-interrogation-9x12.jpg 9w, https:\/\/mhm.art\/wp-content\/uploads\/2025\/11\/OF-interrogation-1320x1760.jpg 1320w, https:\/\/mhm.art\/wp-content\/uploads\/2025\/11\/OF-interrogation-scaled.jpg 1920w\" sizes=\"auto, (max-width: 768px) 100vw, 768px\" \/><\/figure>\n\n\n\n<figure class=\"wp-block-image size-large is-style-canvas is-style-border is-style-default\"><img loading=\"lazy\" decoding=\"async\" width=\"768\" height=\"1024\" src=\"https:\/\/mhm.art\/wp-content\/uploads\/2025\/11\/OF-interrogation-768x1024.jpg\" alt=\"\" class=\"wp-image-9948\" srcset=\"https:\/\/mhm.art\/wp-content\/uploads\/2025\/11\/OF-interrogation-768x1024.jpg 768w, https:\/\/mhm.art\/wp-content\/uploads\/2025\/11\/OF-interrogation-225x300.jpg 225w, https:\/\/mhm.art\/wp-content\/uploads\/2025\/11\/OF-interrogation-1152x1536.jpg 1152w, https:\/\/mhm.art\/wp-content\/uploads\/2025\/11\/OF-interrogation-1536x2048.jpg 1536w, https:\/\/mhm.art\/wp-content\/uploads\/2025\/11\/OF-interrogation-9x12.jpg 9w, https:\/\/mhm.art\/wp-content\/uploads\/2025\/11\/OF-interrogation-1320x1760.jpg 1320w, https:\/\/mhm.art\/wp-content\/uploads\/2025\/11\/OF-interrogation-scaled.jpg 1920w\" sizes=\"auto, (max-width: 768px) 100vw, 768px\" \/><\/figure>\n<\/div>\n\n\n\n<div class=\"wp-block-column is-layout-flow wp-block-column-is-layout-flow\">\n<figure class=\"wp-block-image size-large is-style-canvas is-style-border is-style-default\"><img loading=\"lazy\" decoding=\"async\" width=\"768\" height=\"1024\" src=\"https:\/\/mhm.art\/wp-content\/uploads\/2025\/11\/OF-interrogation-768x1024.jpg\" alt=\"\" class=\"wp-image-9948\" srcset=\"https:\/\/mhm.art\/wp-content\/uploads\/2025\/11\/OF-interrogation-768x1024.jpg 768w, https:\/\/mhm.art\/wp-content\/uploads\/2025\/11\/OF-interrogation-225x300.jpg 225w, https:\/\/mhm.art\/wp-content\/uploads\/2025\/11\/OF-interrogation-1152x1536.jpg 1152w, https:\/\/mhm.art\/wp-content\/uploads\/2025\/11\/OF-interrogation-1536x2048.jpg 1536w, https:\/\/mhm.art\/wp-content\/uploads\/2025\/11\/OF-interrogation-9x12.jpg 9w, https:\/\/mhm.art\/wp-content\/uploads\/2025\/11\/OF-interrogation-1320x1760.jpg 1320w, https:\/\/mhm.art\/wp-content\/uploads\/2025\/11\/OF-interrogation-scaled.jpg 1920w\" sizes=\"auto, (max-width: 768px) 100vw, 768px\" \/><\/figure>\n\n\n\n<figure class=\"wp-block-image size-large is-style-canvas is-style-border is-style-default\"><img loading=\"lazy\" decoding=\"async\" width=\"768\" height=\"1024\" src=\"https:\/\/mhm.art\/wp-content\/uploads\/2025\/11\/OF-interrogation-768x1024.jpg\" alt=\"\" class=\"wp-image-9948\" srcset=\"https:\/\/mhm.art\/wp-content\/uploads\/2025\/11\/OF-interrogation-768x1024.jpg 768w, https:\/\/mhm.art\/wp-content\/uploads\/2025\/11\/OF-interrogation-225x300.jpg 225w, https:\/\/mhm.art\/wp-content\/uploads\/2025\/11\/OF-interrogation-1152x1536.jpg 1152w, https:\/\/mhm.art\/wp-content\/uploads\/2025\/11\/OF-interrogation-1536x2048.jpg 1536w, https:\/\/mhm.art\/wp-content\/uploads\/2025\/11\/OF-interrogation-9x12.jpg 9w, https:\/\/mhm.art\/wp-content\/uploads\/2025\/11\/OF-interrogation-1320x1760.jpg 1320w, https:\/\/mhm.art\/wp-content\/uploads\/2025\/11\/OF-interrogation-scaled.jpg 1920w\" sizes=\"auto, (max-width: 768px) 100vw, 768px\" \/><\/figure>\n\n\n\n<figure class=\"wp-block-image size-large is-style-canvas is-style-border is-style-default\"><img loading=\"lazy\" decoding=\"async\" width=\"768\" height=\"1024\" src=\"https:\/\/mhm.art\/wp-content\/uploads\/2025\/11\/OF-interrogation-768x1024.jpg\" alt=\"\" class=\"wp-image-9948\" srcset=\"https:\/\/mhm.art\/wp-content\/uploads\/2025\/11\/OF-interrogation-768x1024.jpg 768w, https:\/\/mhm.art\/wp-content\/uploads\/2025\/11\/OF-interrogation-225x300.jpg 225w, https:\/\/mhm.art\/wp-content\/uploads\/2025\/11\/OF-interrogation-1152x1536.jpg 1152w, https:\/\/mhm.art\/wp-content\/uploads\/2025\/11\/OF-interrogation-1536x2048.jpg 1536w, https:\/\/mhm.art\/wp-content\/uploads\/2025\/11\/OF-interrogation-9x12.jpg 9w, https:\/\/mhm.art\/wp-content\/uploads\/2025\/11\/OF-interrogation-1320x1760.jpg 1320w, https:\/\/mhm.art\/wp-content\/uploads\/2025\/11\/OF-interrogation-scaled.jpg 1920w\" sizes=\"auto, (max-width: 768px) 100vw, 768px\" \/><\/figure>\n<\/div>\n\n\n\n<div class=\"wp-block-column is-layout-flow wp-block-column-is-layout-flow\">\n<figure class=\"wp-block-image size-large is-style-canvas is-style-border is-style-default\"><img loading=\"lazy\" decoding=\"async\" width=\"768\" height=\"1024\" src=\"https:\/\/mhm.art\/wp-content\/uploads\/2025\/11\/OF-interrogation-768x1024.jpg\" alt=\"\" class=\"wp-image-9948\" srcset=\"https:\/\/mhm.art\/wp-content\/uploads\/2025\/11\/OF-interrogation-768x1024.jpg 768w, https:\/\/mhm.art\/wp-content\/uploads\/2025\/11\/OF-interrogation-225x300.jpg 225w, https:\/\/mhm.art\/wp-content\/uploads\/2025\/11\/OF-interrogation-1152x1536.jpg 1152w, https:\/\/mhm.art\/wp-content\/uploads\/2025\/11\/OF-interrogation-1536x2048.jpg 1536w, https:\/\/mhm.art\/wp-content\/uploads\/2025\/11\/OF-interrogation-9x12.jpg 9w, https:\/\/mhm.art\/wp-content\/uploads\/2025\/11\/OF-interrogation-1320x1760.jpg 1320w, https:\/\/mhm.art\/wp-content\/uploads\/2025\/11\/OF-interrogation-scaled.jpg 1920w\" sizes=\"auto, (max-width: 768px) 100vw, 768px\" \/><\/figure>\n\n\n\n<figure class=\"wp-block-image size-large is-style-canvas is-style-border is-style-default\"><img loading=\"lazy\" decoding=\"async\" width=\"768\" height=\"1024\" src=\"https:\/\/mhm.art\/wp-content\/uploads\/2025\/11\/OF-interrogation-768x1024.jpg\" alt=\"\" class=\"wp-image-9948\" srcset=\"https:\/\/mhm.art\/wp-content\/uploads\/2025\/11\/OF-interrogation-768x1024.jpg 768w, https:\/\/mhm.art\/wp-content\/uploads\/2025\/11\/OF-interrogation-225x300.jpg 225w, https:\/\/mhm.art\/wp-content\/uploads\/2025\/11\/OF-interrogation-1152x1536.jpg 1152w, https:\/\/mhm.art\/wp-content\/uploads\/2025\/11\/OF-interrogation-1536x2048.jpg 1536w, https:\/\/mhm.art\/wp-content\/uploads\/2025\/11\/OF-interrogation-9x12.jpg 9w, https:\/\/mhm.art\/wp-content\/uploads\/2025\/11\/OF-interrogation-1320x1760.jpg 1320w, https:\/\/mhm.art\/wp-content\/uploads\/2025\/11\/OF-interrogation-scaled.jpg 1920w\" sizes=\"auto, (max-width: 768px) 100vw, 768px\" \/><\/figure>\n\n\n\n<figure class=\"wp-block-image size-large is-style-canvas is-style-border is-style-default\"><img loading=\"lazy\" decoding=\"async\" width=\"768\" height=\"1024\" src=\"https:\/\/mhm.art\/wp-content\/uploads\/2025\/11\/OF-interrogation-768x1024.jpg\" alt=\"\" class=\"wp-image-9948\" srcset=\"https:\/\/mhm.art\/wp-content\/uploads\/2025\/11\/OF-interrogation-768x1024.jpg 768w, https:\/\/mhm.art\/wp-content\/uploads\/2025\/11\/OF-interrogation-225x300.jpg 225w, https:\/\/mhm.art\/wp-content\/uploads\/2025\/11\/OF-interrogation-1152x1536.jpg 1152w, https:\/\/mhm.art\/wp-content\/uploads\/2025\/11\/OF-interrogation-1536x2048.jpg 1536w, https:\/\/mhm.art\/wp-content\/uploads\/2025\/11\/OF-interrogation-9x12.jpg 9w, https:\/\/mhm.art\/wp-content\/uploads\/2025\/11\/OF-interrogation-1320x1760.jpg 1320w, https:\/\/mhm.art\/wp-content\/uploads\/2025\/11\/OF-interrogation-scaled.jpg 1920w\" sizes=\"auto, (max-width: 768px) 100vw, 768px\" \/><\/figure>\n<\/div>\n<\/div>\n\n\n\n<div style=\"height:6px\" aria-hidden=\"true\" class=\"wp-block-spacer\"><\/div>\n\n\n\n<hr class=\"wp-block-separator has-text-color has-alpha-channel-opacity has-background is-style-wide\" style=\"background-color:#2b5d3c;color:#2b5d3c\"\/>\n<\/div>\n\n\n\n<div class=\"wp-block-group alignfull is-layout-constrained wp-container-core-group-is-layout-73405a87 wp-block-group-is-layout-constrained\">\n<figure class=\"wp-block-image aligncenter size-full is-resized hypnosis wp-duotone-rgb255255255-080808-2\" style=\"margin-top:0;margin-bottom:0\"><img loading=\"lazy\" decoding=\"async\" width=\"2560\" height=\"2560\" src=\"https:\/\/mhm.art\/wp-content\/uploads\/2026\/01\/Abstract-Shape-14-black-on-transparent-scaled.png\" alt=\"\" class=\"wp-image-12885\" style=\"width:120px\" srcset=\"https:\/\/mhm.art\/wp-content\/uploads\/2026\/01\/Abstract-Shape-14-black-on-transparent-scaled.png 2560w, https:\/\/mhm.art\/wp-content\/uploads\/2026\/01\/Abstract-Shape-14-black-on-transparent-300x300.png 300w, https:\/\/mhm.art\/wp-content\/uploads\/2026\/01\/Abstract-Shape-14-black-on-transparent-1024x1024.png 1024w, https:\/\/mhm.art\/wp-content\/uploads\/2026\/01\/Abstract-Shape-14-black-on-transparent-150x150.png 150w, https:\/\/mhm.art\/wp-content\/uploads\/2026\/01\/Abstract-Shape-14-black-on-transparent-768x768.png 768w, https:\/\/mhm.art\/wp-content\/uploads\/2026\/01\/Abstract-Shape-14-black-on-transparent-1536x1536.png 1536w, https:\/\/mhm.art\/wp-content\/uploads\/2026\/01\/Abstract-Shape-14-black-on-transparent-2048x2048.png 2048w, https:\/\/mhm.art\/wp-content\/uploads\/2026\/01\/Abstract-Shape-14-black-on-transparent-12x12.png 12w, https:\/\/mhm.art\/wp-content\/uploads\/2026\/01\/Abstract-Shape-14-black-on-transparent-1320x1320.png 1320w\" sizes=\"auto, (max-width: 2560px) 100vw, 2560px\" \/><\/figure>\n\n\n\n<h2 class=\"wp-block-heading has-text-align-center has-secondary-color has-text-color\" style=\"margin-top:0;margin-bottom:0\">PAGE VOYAGE<\/h2>\n\n\n\n<figure class=\"wp-block-image aligncenter size-full is-resized\"><img loading=\"lazy\" decoding=\"async\" width=\"327\" height=\"165\" src=\"https:\/\/mhm.art\/wp-content\/uploads\/2023\/02\/Circle-Grouped.png\" alt=\"\" class=\"wp-image-5152\" style=\"width:82px;height:41px\" srcset=\"https:\/\/mhm.art\/wp-content\/uploads\/2023\/02\/Circle-Grouped.png 327w, https:\/\/mhm.art\/wp-content\/uploads\/2023\/02\/Circle-Grouped-300x151.png 300w\" sizes=\"auto, (max-width: 327px) 100vw, 327px\" \/><\/figure>\n\n\n\n<p style=\"font-size:clamp(14px, 0.875rem + ((1vw - 3.2px) * 0.223), 15px);\">Intitul\u00e9e&nbsp;<em>Page Voyage<\/em>, cette \u0153uvre num\u00e9rique hybride met en sc\u00e8ne la figure de l\u2019artiste lui-m\u00eame, plong\u00e9 dans un livre. Ce geste ordinaire devient ici une porte vers l\u2019extraordinaire, la lecture apparaissant comme un acte capable de suspendre le r\u00e9el et d\u2019ouvrir un espace int\u00e9rieur infini.<\/p>\n\n\n\n<p style=\"font-size:clamp(14px, 0.875rem + ((1vw - 3.2px) * 0.223), 15px);\">Par la superposition d\u2019\u00e9l\u00e9ments photographiques, de textures liquides et d\u2019effets de distorsion chromatique, l\u2019image brouille les rep\u00e8res visuels et fait surgir une atmosph\u00e8re onirique. Les motifs abstraits, tels que la plume et le nuage, traduisent des pens\u00e9es fugaces, tandis que le cercle central agit comme un portail symbolique vers un ailleurs, invitant le spectateur \u00e0 franchir les limites du visible.<\/p>\n\n\n\n<p style=\"font-size:clamp(14px, 0.875rem + ((1vw - 3.2px) * 0.223), 15px);\">La composition s\u2019inscrit dans une d\u00e9marche exp\u00e9rimentale qui convoque le surr\u00e9alisme, le glitch art et la saturation psych\u00e9d\u00e9lique, pour r\u00e9v\u00e9ler comment la lecture peut m\u00e9tamorphoser la conscience et faire vaciller la fronti\u00e8re entre le monde concret et l\u2019univers int\u00e9rieur.<\/p>\n\n\n\n<figure class=\"wp-block-image aligncenter size-large is-resized has-custom-border is-style-frame\"><img loading=\"lazy\" decoding=\"async\" width=\"1024\" height=\"1024\" src=\"https:\/\/mhm.art\/wp-content\/uploads\/2025\/06\/Page-Voyage-1024x1024.png\" alt=\"\" class=\"wp-image-7915\" style=\"border-style:none;border-width:0px;width:480px\" srcset=\"https:\/\/mhm.art\/wp-content\/uploads\/2025\/06\/Page-Voyage-1024x1024.png 1024w, https:\/\/mhm.art\/wp-content\/uploads\/2025\/06\/Page-Voyage-300x300.png 300w, https:\/\/mhm.art\/wp-content\/uploads\/2025\/06\/Page-Voyage-150x150.png 150w, https:\/\/mhm.art\/wp-content\/uploads\/2025\/06\/Page-Voyage-768x768.png 768w, https:\/\/mhm.art\/wp-content\/uploads\/2025\/06\/Page-Voyage-12x12.png 12w, https:\/\/mhm.art\/wp-content\/uploads\/2025\/06\/Page-Voyage.png 1080w\" sizes=\"auto, (max-width: 1024px) 100vw, 1024px\" \/><\/figure>\n\n\n\n<hr class=\"wp-block-separator has-text-color has-alpha-channel-opacity has-background is-style-wide\" style=\"background-color:#2b5d3c;color:#2b5d3c\"\/>\n<\/div>\n\n\n\n<div class=\"wp-block-group alignfull is-layout-constrained wp-container-core-group-is-layout-73405a87 wp-block-group-is-layout-constrained\">\n<figure class=\"wp-block-image aligncenter size-full is-resized hypnosis wp-duotone-ffffff-080808-3\" style=\"margin-top:0;margin-bottom:0\"><img loading=\"lazy\" decoding=\"async\" width=\"2560\" height=\"2560\" src=\"https:\/\/mhm.art\/wp-content\/uploads\/2026\/01\/Abstract-Shape-14-black-on-transparent-scaled.png\" alt=\"\" class=\"wp-image-12885\" style=\"width:120px\" srcset=\"https:\/\/mhm.art\/wp-content\/uploads\/2026\/01\/Abstract-Shape-14-black-on-transparent-scaled.png 2560w, https:\/\/mhm.art\/wp-content\/uploads\/2026\/01\/Abstract-Shape-14-black-on-transparent-300x300.png 300w, https:\/\/mhm.art\/wp-content\/uploads\/2026\/01\/Abstract-Shape-14-black-on-transparent-1024x1024.png 1024w, https:\/\/mhm.art\/wp-content\/uploads\/2026\/01\/Abstract-Shape-14-black-on-transparent-150x150.png 150w, https:\/\/mhm.art\/wp-content\/uploads\/2026\/01\/Abstract-Shape-14-black-on-transparent-768x768.png 768w, https:\/\/mhm.art\/wp-content\/uploads\/2026\/01\/Abstract-Shape-14-black-on-transparent-1536x1536.png 1536w, https:\/\/mhm.art\/wp-content\/uploads\/2026\/01\/Abstract-Shape-14-black-on-transparent-2048x2048.png 2048w, https:\/\/mhm.art\/wp-content\/uploads\/2026\/01\/Abstract-Shape-14-black-on-transparent-12x12.png 12w, https:\/\/mhm.art\/wp-content\/uploads\/2026\/01\/Abstract-Shape-14-black-on-transparent-1320x1320.png 1320w\" sizes=\"auto, (max-width: 2560px) 100vw, 2560px\" \/><\/figure>\n\n\n\n<h2 class=\"wp-block-heading has-text-align-center has-secondary-color has-text-color\" style=\"margin-top:0;margin-bottom:0\">A DOS PASOS DEL CIELO<\/h2>\n\n\n\n<figure class=\"wp-block-image aligncenter size-full is-resized\"><img loading=\"lazy\" decoding=\"async\" width=\"327\" height=\"165\" src=\"https:\/\/mhm.art\/wp-content\/uploads\/2023\/02\/Circle-Grouped.png\" alt=\"\" class=\"wp-image-5152\" style=\"width:82px;height:41px\" srcset=\"https:\/\/mhm.art\/wp-content\/uploads\/2023\/02\/Circle-Grouped.png 327w, https:\/\/mhm.art\/wp-content\/uploads\/2023\/02\/Circle-Grouped-300x151.png 300w\" sizes=\"auto, (max-width: 327px) 100vw, 327px\" \/><\/figure>\n\n\n\n<p style=\"font-size:clamp(14px, 0.875rem + ((1vw - 3.2px) * 0.223), 15px);\"><strong><em>A Dos Pasos del Cielo<\/em><\/strong>&nbsp;est une \u0153uvre num\u00e9rique hybride cr\u00e9\u00e9e \u00e0 partir d\u2019une photographie r\u00e9alis\u00e9e par MHM lui-m\u00eame \u00e0 Alicante, en Espagne. L\u2019image s\u2019ouvre comme une vision flottante, o\u00f9 la perception s\u2019\u00e9tire et se trouble. Au centre, la sym\u00e9trie s\u2019impose\u202f: un \u0153il unique attire irr\u00e9sistiblement le regard et agit comme un rep\u00e8re silencieux. Plus on s\u2019\u00e9loigne de ce point focal, plus l\u2019organisation visuelle se d\u00e9fait\u202f; les extr\u00e9mit\u00e9s se d\u00e9ploient dans un d\u00e9sordre ma\u00eetris\u00e9, o\u00f9 les formes perdent leur coh\u00e9rence et paraissent d\u00e9river sans gravit\u00e9.<\/p>\n\n\n\n<p style=\"font-size:clamp(14px, 0.875rem + ((1vw - 3.2px) * 0.223), 15px);\">La composition est travers\u00e9e par un ciel parcouru de nuages, une plan\u00e8te magenta suspendue, des lignes obliques et des textures satur\u00e9es. Ce contraste entre l\u2019ordre et la fragmentation sugg\u00e8re que c\u2019est souvent dans la perte de rep\u00e8res familiers que surgissent les visions les plus inattendues, celles qui \u00e9largissent notre regard, d\u00e9placent nos certitudes et rappellent que ces nouvelles perspectives ne sont souvent qu\u2019\u00e0 deux pas, \u00e0 la port\u00e9e de ceux qui osent aller plus loin.<\/p>\n\n\n\n<figure class=\"wp-block-image aligncenter size-large is-resized is-style-frame\"><img loading=\"lazy\" decoding=\"async\" width=\"1024\" height=\"1024\" src=\"https:\/\/mhm.art\/wp-content\/uploads\/2025\/06\/A-Dos-Pasos-Del-Cielo-1024x1024.png\" alt=\"\" class=\"wp-image-7920\" style=\"width:480px\" srcset=\"https:\/\/mhm.art\/wp-content\/uploads\/2025\/06\/A-Dos-Pasos-Del-Cielo-1024x1024.png 1024w, https:\/\/mhm.art\/wp-content\/uploads\/2025\/06\/A-Dos-Pasos-Del-Cielo-300x300.png 300w, https:\/\/mhm.art\/wp-content\/uploads\/2025\/06\/A-Dos-Pasos-Del-Cielo-150x150.png 150w, https:\/\/mhm.art\/wp-content\/uploads\/2025\/06\/A-Dos-Pasos-Del-Cielo-768x768.png 768w, https:\/\/mhm.art\/wp-content\/uploads\/2025\/06\/A-Dos-Pasos-Del-Cielo-1536x1536.png 1536w, https:\/\/mhm.art\/wp-content\/uploads\/2025\/06\/A-Dos-Pasos-Del-Cielo-2048x2048.png 2048w, https:\/\/mhm.art\/wp-content\/uploads\/2025\/06\/A-Dos-Pasos-Del-Cielo-12x12.png 12w, https:\/\/mhm.art\/wp-content\/uploads\/2025\/06\/A-Dos-Pasos-Del-Cielo-1320x1320.png 1320w\" sizes=\"auto, (max-width: 1024px) 100vw, 1024px\" \/><\/figure>\n<\/div>","protected":false},"excerpt":{"rendered":"<p>MHM is primarily known for his music, yet his artistic curiosity extends far beyond sound.&nbsp;Guided by humility and creativity, he explores a wide range of other art forms, constantly seeking to broaden his horizons and venture into new expressive territory. Through this ongoing exploration, he gives shape to a singular artistic vision \u2014 one that [&hellip;]<\/p>\n","protected":false},"author":1,"featured_media":0,"parent":0,"menu_order":0,"comment_status":"closed","ping_status":"closed","template":"","meta":{"_monsterinsights_skip_tracking":false,"_monsterinsights_sitenote_active":false,"_monsterinsights_sitenote_note":"","_monsterinsights_sitenote_category":0,"_glsr_average":0,"_glsr_ranking":0,"_glsr_reviews":0,"footnotes":"","beyondwords_generate_audio":"1","beyondwords_integration_method":"rest-api","beyondwords_project_id":"13694","beyondwords_content_id":"","beyondwords_preview_token":"","beyondwords_player_content":"","beyondwords_player_style":"","beyondwords_language_code":"","beyondwords_language_id":"","beyondwords_title_voice_id":"","beyondwords_body_voice_id":"","beyondwords_summary_voice_id":"","beyondwords_error_message":"#401: Unauthorized","beyondwords_disabled":"1","beyondwords_delete_content":"","beyondwords_podcast_id":"5375867","beyondwords_hash":"b969c1372dd7efd8da40d504868dbaec51175846","publish_post_to_speechkit":"","speechkit_hash":"","speechkit_generate_audio":"","speechkit_project_id":"","speechkit_podcast_id":"","speechkit_error_message":"","speechkit_disabled":"","speechkit_access_key":"","speechkit_error":"","speechkit_info":"","speechkit_response":"","speechkit_retries":"","speechkit_status":"","speechkit_updated_at":"","_speechkit_link":"","_speechkit_text":""},"class_list":["post-4223","page","type-page","status-publish","hentry"],"aioseo_notices":[],"_links":{"self":[{"href":"https:\/\/mhm.art\/fr\/wp-json\/wp\/v2\/pages\/4223","targetHints":{"allow":["GET"]}}],"collection":[{"href":"https:\/\/mhm.art\/fr\/wp-json\/wp\/v2\/pages"}],"about":[{"href":"https:\/\/mhm.art\/fr\/wp-json\/wp\/v2\/types\/page"}],"author":[{"embeddable":true,"href":"https:\/\/mhm.art\/fr\/wp-json\/wp\/v2\/users\/1"}],"replies":[{"embeddable":true,"href":"https:\/\/mhm.art\/fr\/wp-json\/wp\/v2\/comments?post=4223"}],"version-history":[{"count":298,"href":"https:\/\/mhm.art\/fr\/wp-json\/wp\/v2\/pages\/4223\/revisions"}],"predecessor-version":[{"id":13151,"href":"https:\/\/mhm.art\/fr\/wp-json\/wp\/v2\/pages\/4223\/revisions\/13151"}],"wp:attachment":[{"href":"https:\/\/mhm.art\/fr\/wp-json\/wp\/v2\/media?parent=4223"}],"curies":[{"name":"wp","href":"https:\/\/api.w.org\/{rel}","templated":true}]}}