{"id":4214,"date":"2022-10-16T19:44:50","date_gmt":"2022-10-16T19:44:50","guid":{"rendered":"https:\/\/mhm.art\/?page_id=4214"},"modified":"2026-03-21T13:12:12","modified_gmt":"2026-03-21T13:12:12","slug":"about","status":"publish","type":"page","link":"https:\/\/mhm.art\/fr\/about\/","title":{"rendered":"\u00c0 propos"},"content":{"rendered":"<div style=\"height:15px\" aria-hidden=\"true\" class=\"wp-block-spacer\"><\/div>\n\n\n\n<div class=\"wp-block-group alignfull is-layout-constrained wp-container-core-group-is-layout-1fddcd31 wp-block-group-is-layout-constrained\">\n<figure class=\"wp-block-image aligncenter size-full is-resized\" style=\"margin-top:0;margin-right:0;margin-bottom:0;margin-left:0\"><img loading=\"lazy\" decoding=\"async\" width=\"1024\" height=\"1024\" src=\"https:\/\/mhm.art\/wp-content\/uploads\/2026\/01\/random-10.png\" alt=\"\" class=\"wp-image-12447\" style=\"width:120px\" srcset=\"https:\/\/mhm.art\/wp-content\/uploads\/2026\/01\/random-10.png 1024w, https:\/\/mhm.art\/wp-content\/uploads\/2026\/01\/random-10-300x300.png 300w, https:\/\/mhm.art\/wp-content\/uploads\/2026\/01\/random-10-150x150.png 150w, https:\/\/mhm.art\/wp-content\/uploads\/2026\/01\/random-10-768x768.png 768w, https:\/\/mhm.art\/wp-content\/uploads\/2026\/01\/random-10-12x12.png 12w\" sizes=\"auto, (max-width: 1024px) 100vw, 1024px\" \/><\/figure>\n\n\n\n<p class=\"has-text-align-left\" style=\"font-size:clamp(14px, 0.875rem + ((1vw - 3.2px) * 0.223), 15px);\">MHM est un compositeur et chanteur franco-tamoul bas\u00e9 \u00e0 Lyon, dont l\u2019\u0153uvre m\u00eale avec finesse orchestration cin\u00e9matographique, innovation \u00e9lectronique et narration \u00e9motionnelle profonde. N\u00e9 Michel Hibon Mariyadas \u00e0 Paris, il a vu le jour au c\u0153ur de la Ville Lumi\u00e8re, tout pr\u00e8s de la c\u00e9l\u00e8bre cath\u00e9drale Notre-Dame, baign\u00e9 d\u00e8s l\u2019enfance dans une atmosph\u00e8re empreinte de spiritualit\u00e9 et de richesse culturelle.<\/p>\n\n\n\n<p class=\"has-text-align-left\" style=\"font-size:clamp(14px, 0.875rem + ((1vw - 3.2px) * 0.223), 15px);\">Mais une autre part de lui se construit ailleurs : dans l\u2019histoire de ses parents, originaires du Sri Lanka. Ces derniers ont quitt\u00e9 leur terre natale en raison de la guerre civile, emportant avec eux la force et les r\u00e9cits de leur pass\u00e9. Cet h\u00e9ritage de r\u00e9silience, associ\u00e9 \u00e0 la culture tamoule ancestrale, l\u2019une des plus anciennes langues vivantes au monde, coule dans ses veines et nourrit profond\u00e9ment son identit\u00e9 et, \u00e0 travers elle, son art.<\/p>\n\n\n\n<div style=\"height:3px\" aria-hidden=\"true\" class=\"wp-block-spacer\"><\/div>\n\n\n\n<figure class=\"wp-block-image aligncenter size-large is-resized has-custom-border\"><img loading=\"lazy\" decoding=\"async\" width=\"1024\" height=\"915\" src=\"https:\/\/mhm.art\/wp-content\/uploads\/2025\/06\/mhm_tmf_frame2-1024x915.png\" alt=\"\" class=\"wp-image-7053\" style=\"border-radius:10px;width:600px\" srcset=\"https:\/\/mhm.art\/wp-content\/uploads\/2025\/06\/mhm_tmf_frame2-1024x915.png 1024w, https:\/\/mhm.art\/wp-content\/uploads\/2025\/06\/mhm_tmf_frame2-300x268.png 300w, https:\/\/mhm.art\/wp-content\/uploads\/2025\/06\/mhm_tmf_frame2-768x687.png 768w, https:\/\/mhm.art\/wp-content\/uploads\/2025\/06\/mhm_tmf_frame2.png 1198w\" sizes=\"auto, (max-width: 1024px) 100vw, 1024px\" \/><\/figure>\n\n\n\n<div style=\"height:3px\" aria-hidden=\"true\" class=\"wp-block-spacer\"><\/div>\n\n\n\n<p class=\"has-text-align-left\" style=\"font-size:clamp(14px, 0.875rem + ((1vw - 3.2px) * 0.223), 15px);\">Compositeur autodidacte, MHM a d\u00e9couvert tr\u00e8s t\u00f4t que la musique \u00e9tait bien plus qu\u2019une passion : c\u2019\u00e9tait sa vocation. Sous son nom d\u2019artiste, MHM, il a d\u00e9velopp\u00e9 un style singulier qui place la voix humaine au c\u0153ur de ses compositions, l\u2019utilisant comme un instrument \u00e0 part enti\u00e8re, \u00e0 la fois expressif et polyvalent, pour cr\u00e9er des harmonies riches et susciter une profonde r\u00e9sonance \u00e9motionnelle.<\/p>\n\n\n\n<p style=\"font-size:clamp(14px, 0.875rem + ((1vw - 3.2px) * 0.223), 15px);\">Cette sensibilit\u00e9 s\u2019infuse aujourd\u2019hui pleinement dans son travail de compositeur pour l\u2019image, MHM concevant la musique comme un langage narratif \u00e0 part enti\u00e8re, capable de modeler l\u2019\u00e9motion, la perception et la lecture du r\u00e9cit. \u00c0 travers ses projets audiovisuels, sa musique n\u2019est jamais trait\u00e9e comme un simple accompagnement : elle devient un \u00e9l\u00e9ment constitutif de la structure de l\u2019\u0153uvre, et peut, lorsque le projet le requiert, s\u2019\u00e9tendre vers des formes plus immersives proches du sound design, en r\u00e9sonance avec les pratiques contemporaines de la composition pour l\u2019image.<\/p>\n\n\n\n<figure class=\"wp-block-image aligncenter size-full is-resized\"><img loading=\"lazy\" decoding=\"async\" width=\"1024\" height=\"1024\" src=\"https:\/\/mhm.art\/wp-content\/uploads\/2026\/01\/random-22.png\" alt=\"\" class=\"wp-image-12450\" style=\"width:120px\" srcset=\"https:\/\/mhm.art\/wp-content\/uploads\/2026\/01\/random-22.png 1024w, https:\/\/mhm.art\/wp-content\/uploads\/2026\/01\/random-22-300x300.png 300w, https:\/\/mhm.art\/wp-content\/uploads\/2026\/01\/random-22-150x150.png 150w, https:\/\/mhm.art\/wp-content\/uploads\/2026\/01\/random-22-768x768.png 768w, https:\/\/mhm.art\/wp-content\/uploads\/2026\/01\/random-22-12x12.png 12w\" sizes=\"auto, (max-width: 1024px) 100vw, 1024px\" \/><\/figure>\n\n\n\n<p style=\"font-size:clamp(14px, 0.875rem + ((1vw - 3.2px) * 0.223), 15px);\">En plus de ses pi\u00e8ces instrumentales, son r\u00e9pertoire de chansons s\u2019\u00e9tend sur plusieurs langues, avec une attention particuli\u00e8re port\u00e9e au tamoul. \u00c0 travers ces oeuvres, il rend non seulement hommage \u00e0 ses racines culturelles, mais cherche aussi \u00e0 partager la richesse et la beaut\u00e9 de cette langue avec le monde entier. \u00c0 noter que sa chanson&nbsp;<em>Athangara Orathila<\/em>&nbsp;a \u00e9t\u00e9 diffus\u00e9e sur la radio BBC Asian Network et a figur\u00e9 sur la playlist du mois du magazine Rolling Stone India au moment de sa sortie.<\/p>\n\n\n\n<figure class=\"wp-block-audio\"><audio controls src=\"https:\/\/mhm.art\/wp-content\/uploads\/2025\/11\/mhm-thisismhm-bbc-asian-network-radio-athangara-orathila.mp3\"><\/audio><\/figure>\n\n\n\n<p style=\"font-size:clamp(14px, 0.875rem + ((1vw - 3.2px) * 0.223), 15px);\">Au-del\u00e0 de la musique, MHM est un artiste pluridisciplinaire passionn\u00e9, explorant des th\u00e8mes tels que la nature, le temps et les liens humains \u00e0 travers diff\u00e9rentes formes d\u2019expression. \u00c0 travers chaque projet, il s\u2019efforce de cr\u00e9er des \u0153uvres \u00e0 port\u00e9e universelle, invitant le public \u00e0 un voyage \u00e0 la fois intime et profond\u00e9ment significatif.<\/p>\n<\/div>","protected":false},"excerpt":{"rendered":"<p>MHM is a French-Tamil music composer and vocalist based in Lyon, whose work seamlessly blends cinematic orchestration, electronic innovation, and profound emotional storytelling. Born Michel Hibon Mariyadas in Paris, he entered the world in the heart of the City of Light, near the iconic Notre Dame Cathedral, growing up immersed in an atmosphere marked by [&hellip;]<\/p>\n","protected":false},"author":1,"featured_media":0,"parent":0,"menu_order":0,"comment_status":"closed","ping_status":"closed","template":"","meta":{"_monsterinsights_skip_tracking":false,"_monsterinsights_sitenote_active":false,"_monsterinsights_sitenote_note":"","_monsterinsights_sitenote_category":0,"_glsr_average":0,"_glsr_ranking":0,"_glsr_reviews":0,"footnotes":"","beyondwords_generate_audio":"1","beyondwords_integration_method":"rest-api","beyondwords_project_id":"13694","beyondwords_content_id":"","beyondwords_preview_token":"","beyondwords_player_content":"","beyondwords_player_style":"","beyondwords_language_code":"","beyondwords_language_id":"","beyondwords_title_voice_id":"","beyondwords_body_voice_id":"","beyondwords_summary_voice_id":"","beyondwords_error_message":"#401: Unauthorized","beyondwords_disabled":"","beyondwords_delete_content":"","beyondwords_podcast_id":"5375765","beyondwords_hash":"3b93ab4d5c75fc60252051768eb5ed679ec836d5","publish_post_to_speechkit":"","speechkit_hash":"","speechkit_generate_audio":"","speechkit_project_id":"","speechkit_podcast_id":"","speechkit_error_message":"","speechkit_disabled":"","speechkit_access_key":"","speechkit_error":"","speechkit_info":"","speechkit_response":"","speechkit_retries":"","speechkit_status":"","speechkit_updated_at":"","_speechkit_link":"","_speechkit_text":""},"class_list":["post-4214","page","type-page","status-publish","hentry"],"aioseo_notices":[],"_links":{"self":[{"href":"https:\/\/mhm.art\/fr\/wp-json\/wp\/v2\/pages\/4214","targetHints":{"allow":["GET"]}}],"collection":[{"href":"https:\/\/mhm.art\/fr\/wp-json\/wp\/v2\/pages"}],"about":[{"href":"https:\/\/mhm.art\/fr\/wp-json\/wp\/v2\/types\/page"}],"author":[{"embeddable":true,"href":"https:\/\/mhm.art\/fr\/wp-json\/wp\/v2\/users\/1"}],"replies":[{"embeddable":true,"href":"https:\/\/mhm.art\/fr\/wp-json\/wp\/v2\/comments?post=4214"}],"version-history":[{"count":216,"href":"https:\/\/mhm.art\/fr\/wp-json\/wp\/v2\/pages\/4214\/revisions"}],"predecessor-version":[{"id":13213,"href":"https:\/\/mhm.art\/fr\/wp-json\/wp\/v2\/pages\/4214\/revisions\/13213"}],"wp:attachment":[{"href":"https:\/\/mhm.art\/fr\/wp-json\/wp\/v2\/media?parent=4214"}],"curies":[{"name":"wp","href":"https:\/\/api.w.org\/{rel}","templated":true}]}}