{"id":4190,"date":"2022-10-16T19:22:05","date_gmt":"2022-10-16T19:22:05","guid":{"rendered":"https:\/\/mhm.art\/?page_id=4190"},"modified":"2026-04-04T11:00:28","modified_gmt":"2026-04-04T11:00:28","slug":"music","status":"publish","type":"page","link":"https:\/\/mhm.art\/fr\/music\/","title":{"rendered":"Musique"},"content":{"rendered":"<div style=\"height:15px\" aria-hidden=\"true\" class=\"wp-block-spacer\"><\/div>\n\n\n\n<div class=\"wp-block-group alignfull is-layout-constrained wp-container-core-group-is-layout-4b9ccc38 wp-block-group-is-layout-constrained\">\n<div class=\"wp-block-columns are-vertically-aligned-center is-not-stacked-on-mobile is-layout-flex wp-container-core-columns-is-layout-28f84493 wp-block-columns-is-layout-flex\">\n<div class=\"wp-block-column is-vertically-aligned-center is-layout-flow wp-block-column-is-layout-flow\">\n<figure class=\"wp-block-image aligncenter size-large is-resized streaming-platforms\"><a href=\"https:\/\/open.spotify.com\/album\/3X6p5UBKsfzOG3kq5ZItaF?si=U0TPy_HcQQedoW28PbTz5w\"><img loading=\"lazy\" decoding=\"async\" width=\"992\" height=\"1024\" src=\"https:\/\/mhm.art\/wp-content\/uploads\/2025\/12\/mhm.art-thisismhm-mhm-spotify-3-992x1024.png\" alt=\"\" class=\"wp-image-12262\" style=\"width:auto;height:30px\" srcset=\"https:\/\/mhm.art\/wp-content\/uploads\/2025\/12\/mhm.art-thisismhm-mhm-spotify-3-992x1024.png 992w, https:\/\/mhm.art\/wp-content\/uploads\/2025\/12\/mhm.art-thisismhm-mhm-spotify-3-291x300.png 291w, https:\/\/mhm.art\/wp-content\/uploads\/2025\/12\/mhm.art-thisismhm-mhm-spotify-3-768x793.png 768w, https:\/\/mhm.art\/wp-content\/uploads\/2025\/12\/mhm.art-thisismhm-mhm-spotify-3-1488x1536.png 1488w, https:\/\/mhm.art\/wp-content\/uploads\/2025\/12\/mhm.art-thisismhm-mhm-spotify-3-12x12.png 12w, https:\/\/mhm.art\/wp-content\/uploads\/2025\/12\/mhm.art-thisismhm-mhm-spotify-3-1320x1363.png 1320w, https:\/\/mhm.art\/wp-content\/uploads\/2025\/12\/mhm.art-thisismhm-mhm-spotify-3.png 1982w\" sizes=\"auto, (max-width: 992px) 100vw, 992px\" \/><\/a><\/figure>\n<\/div>\n\n\n\n<div class=\"wp-block-column is-vertically-aligned-center is-layout-flow wp-block-column-is-layout-flow\">\n<figure class=\"wp-block-image aligncenter size-large is-resized streaming-platforms\"><a href=\"https:\/\/music.apple.com\/fr\/artist\/mhm\/1532262000?l=en-GB\"><img loading=\"lazy\" decoding=\"async\" width=\"862\" height=\"1024\" src=\"https:\/\/mhm.art\/wp-content\/uploads\/2025\/12\/AAPL.D-149adf35-862x1024.png\" alt=\"\" class=\"wp-image-11742\" style=\"width:auto;height:30px\" srcset=\"https:\/\/mhm.art\/wp-content\/uploads\/2025\/12\/AAPL.D-149adf35-862x1024.png 862w, https:\/\/mhm.art\/wp-content\/uploads\/2025\/12\/AAPL.D-149adf35-253x300.png 253w, https:\/\/mhm.art\/wp-content\/uploads\/2025\/12\/AAPL.D-149adf35-768x912.png 768w, https:\/\/mhm.art\/wp-content\/uploads\/2025\/12\/AAPL.D-149adf35-10x12.png 10w, https:\/\/mhm.art\/wp-content\/uploads\/2025\/12\/AAPL.D-149adf35.png 1263w\" sizes=\"auto, (max-width: 862px) 100vw, 862px\" \/><\/a><\/figure>\n<\/div>\n\n\n\n<div class=\"wp-block-column is-vertically-aligned-center is-layout-flow wp-block-column-is-layout-flow\">\n<figure class=\"wp-block-image aligncenter size-large is-resized streaming-platforms\"><a href=\"https:\/\/www.deezer.com\/fr\/artist\/358532082\"><img loading=\"lazy\" decoding=\"async\" width=\"1024\" height=\"1017\" src=\"https:\/\/mhm.art\/wp-content\/uploads\/2025\/12\/mhm.art-thisismhm-mhm-deezer-1024x1017.png\" alt=\"\" class=\"wp-image-11839\" style=\"width:auto;height:30px\" srcset=\"https:\/\/mhm.art\/wp-content\/uploads\/2025\/12\/mhm.art-thisismhm-mhm-deezer-1024x1017.png 1024w, https:\/\/mhm.art\/wp-content\/uploads\/2025\/12\/mhm.art-thisismhm-mhm-deezer-300x298.png 300w, https:\/\/mhm.art\/wp-content\/uploads\/2025\/12\/mhm.art-thisismhm-mhm-deezer-150x150.png 150w, https:\/\/mhm.art\/wp-content\/uploads\/2025\/12\/mhm.art-thisismhm-mhm-deezer-768x763.png 768w, https:\/\/mhm.art\/wp-content\/uploads\/2025\/12\/mhm.art-thisismhm-mhm-deezer-12x12.png 12w, https:\/\/mhm.art\/wp-content\/uploads\/2025\/12\/mhm.art-thisismhm-mhm-deezer.png 1032w\" sizes=\"auto, (max-width: 1024px) 100vw, 1024px\" \/><\/a><\/figure>\n<\/div>\n\n\n\n<div class=\"wp-block-column is-vertically-aligned-center streaming-platforms is-layout-flow wp-block-column-is-layout-flow\">\n<figure class=\"wp-block-image aligncenter size-large is-resized\"><a href=\"https:\/\/music.amazon.fr\/artists\/B07BZDQQKD\/mhm?marketplaceId=A13V1IB3VIYZZH&amp;musicTerritory=FR&amp;ref=dm_sh_oDEY4H13ebdbQLvPK8C6Knz1l\"><img loading=\"lazy\" decoding=\"async\" width=\"1024\" height=\"598\" src=\"https:\/\/mhm.art\/wp-content\/uploads\/2025\/12\/mhm.art-thisismhm-mhm-amazon-1024x598.png\" alt=\"\" class=\"wp-image-11837\" style=\"width:auto;height:30px\" srcset=\"https:\/\/mhm.art\/wp-content\/uploads\/2025\/12\/mhm.art-thisismhm-mhm-amazon-1024x598.png 1024w, https:\/\/mhm.art\/wp-content\/uploads\/2025\/12\/mhm.art-thisismhm-mhm-amazon-300x175.png 300w, https:\/\/mhm.art\/wp-content\/uploads\/2025\/12\/mhm.art-thisismhm-mhm-amazon-768x449.png 768w, https:\/\/mhm.art\/wp-content\/uploads\/2025\/12\/mhm.art-thisismhm-mhm-amazon-1536x898.png 1536w, https:\/\/mhm.art\/wp-content\/uploads\/2025\/12\/mhm.art-thisismhm-mhm-amazon-2048x1197.png 2048w, https:\/\/mhm.art\/wp-content\/uploads\/2025\/12\/mhm.art-thisismhm-mhm-amazon-18x12.png 18w, https:\/\/mhm.art\/wp-content\/uploads\/2025\/12\/mhm.art-thisismhm-mhm-amazon-1320x771.png 1320w\" sizes=\"auto, (max-width: 1024px) 100vw, 1024px\" \/><\/a><\/figure>\n<\/div>\n\n\n\n<div class=\"wp-block-column is-vertically-aligned-center is-layout-flow wp-block-column-is-layout-flow\" style=\"padding-right:0;padding-left:0\">\n<figure class=\"wp-block-image aligncenter size-full is-resized streaming-platforms\"><a href=\"https:\/\/music.youtube.com\/channel\/UCjNHqMe3jnwuVjUNFG45maw?si=IpQMMXQUMyfRmxQj\"><img loading=\"lazy\" decoding=\"async\" width=\"2048\" height=\"2048\" src=\"https:\/\/mhm.art\/wp-content\/uploads\/2025\/12\/mhm.art-thisismhm-mhm-youtube.png\" alt=\"\" class=\"wp-image-11826\" style=\"width:auto;height:30px\" srcset=\"https:\/\/mhm.art\/wp-content\/uploads\/2025\/12\/mhm.art-thisismhm-mhm-youtube.png 2048w, https:\/\/mhm.art\/wp-content\/uploads\/2025\/12\/mhm.art-thisismhm-mhm-youtube-300x300.png 300w, https:\/\/mhm.art\/wp-content\/uploads\/2025\/12\/mhm.art-thisismhm-mhm-youtube-1024x1024.png 1024w, https:\/\/mhm.art\/wp-content\/uploads\/2025\/12\/mhm.art-thisismhm-mhm-youtube-150x150.png 150w, https:\/\/mhm.art\/wp-content\/uploads\/2025\/12\/mhm.art-thisismhm-mhm-youtube-768x768.png 768w, https:\/\/mhm.art\/wp-content\/uploads\/2025\/12\/mhm.art-thisismhm-mhm-youtube-1536x1536.png 1536w, https:\/\/mhm.art\/wp-content\/uploads\/2025\/12\/mhm.art-thisismhm-mhm-youtube-12x12.png 12w, https:\/\/mhm.art\/wp-content\/uploads\/2025\/12\/mhm.art-thisismhm-mhm-youtube-1320x1320.png 1320w\" sizes=\"auto, (max-width: 2048px) 100vw, 2048px\" \/><\/a><\/figure>\n<\/div>\n<\/div>\n<\/div>\n\n\n\n<figure class=\"wp-block-image aligncenter size-full is-resized is-style-default wp-duotone-rgb000-rgb76166108-1\" style=\"margin-top:var(--wp--preset--spacing--medium);margin-right:0;margin-bottom:var(--wp--preset--spacing--medium)\"><img loading=\"lazy\" decoding=\"async\" width=\"960\" height=\"1200\" src=\"https:\/\/mhm.art\/wp-content\/uploads\/2026\/01\/random-53.png\" alt=\"\" class=\"wp-image-12723\" style=\"width:150px\" srcset=\"https:\/\/mhm.art\/wp-content\/uploads\/2026\/01\/random-53.png 960w, https:\/\/mhm.art\/wp-content\/uploads\/2026\/01\/random-53-240x300.png 240w, https:\/\/mhm.art\/wp-content\/uploads\/2026\/01\/random-53-819x1024.png 819w, https:\/\/mhm.art\/wp-content\/uploads\/2026\/01\/random-53-768x960.png 768w, https:\/\/mhm.art\/wp-content\/uploads\/2026\/01\/random-53-10x12.png 10w\" sizes=\"auto, (max-width: 960px) 100vw, 960px\" \/><\/figure>\n\n\n\n<div class=\"wp-block-group alignfull is-layout-constrained wp-container-core-group-is-layout-73405a87 wp-block-group-is-layout-constrained\">\n<h2 class=\"wp-block-heading has-text-align-center\">CADRE DEUX VIES<\/h2>\n\n\n\n<p style=\"font-size:clamp(14px, 0.875rem + ((1vw - 3.2px) * 0.223), 15px);\">Musique originale compos\u00e9e pour le court-m\u00e9trage d'animation&nbsp;<em>Cadres deux vies<\/em>, inspir\u00e9 par l\u2019univers de la peinture et du r\u00e9cit po\u00e9tique.<\/p>\n\n\n\n<p style=\"font-size:clamp(14px, 0.875rem + ((1vw - 3.2px) * 0.223), 15px);\"><a href=\"https:\/\/mhm.art\/fr\/cadre-deux-vies\/\" title=\"\">EN SAVOIR PLUS<\/a><\/p>\n\n\n\n<div style=\"height:1px\" aria-hidden=\"true\" class=\"wp-block-spacer\"><\/div>\n\n\n\n<div class=\"wp-block-group alignfull is-layout-constrained wp-container-core-group-is-layout-1fddcd31 wp-block-group-is-layout-constrained\">\n<div class=\"wp-block-group alignfull is-layout-constrained wp-container-core-group-is-layout-73405a87 wp-block-group-is-layout-constrained\">\n<figure class=\"wp-block-embed is-type-rich is-provider-spotify wp-block-embed-spotify\"><div class=\"wp-block-embed__wrapper\">\n<iframe title=\"Spotify Embed: Cadre deux vies (Original Motion Picture Soundtrack)\" style=\"border-radius: 12px\" width=\"100%\" height=\"352\" frameborder=\"0\" allowfullscreen allow=\"autoplay; clipboard-write; encrypted-media; fullscreen; picture-in-picture\" loading=\"lazy\" src=\"https:\/\/open.spotify.com\/embed\/album\/76AarF7CQ53hYAVG0WeeIS?si=xq1UEVhPRhqfZrqtXnhkrg&amp;utm_source=oembed\"><\/iframe>\n<\/div><\/figure>\n<\/div>\n<\/div>\n\n\n\n<hr class=\"wp-block-separator has-text-color has-alpha-channel-opacity has-background is-style-wide\" style=\"margin-top:var(--wp--preset--spacing--medium);margin-bottom:var(--wp--preset--spacing--medium);background-color:#2b5d3c;color:#2b5d3c\"\/>\n<\/div>\n\n\n\n<div class=\"wp-block-group alignfull is-layout-constrained wp-container-core-group-is-layout-73405a87 wp-block-group-is-layout-constrained\">\n<h2 class=\"wp-block-heading has-text-align-center\">LA MORT DANS LA MAIN<\/h2>\n\n\n\n<p style=\"font-size:clamp(14px, 0.875rem + ((1vw - 3.2px) * 0.223), 15px);\">Musique originale compos\u00e9e pour le court-m\u00e9trage&nbsp;<em>La mort dans la main<\/em>, rendant hommage au cin\u00e9ma d\u2019Alfred Hitchcock et, par extension, \u00e0 la musique de Bernard Herrmann,<\/p>\n\n\n\n<p style=\"font-size:clamp(14px, 0.875rem + ((1vw - 3.2px) * 0.223), 15px);\"><a href=\"https:\/\/mhm.art\/fr\/la-mort-dans-la-main\/\" title=\"\">EN SAVOIR PLUS<\/a><\/p>\n\n\n\n<div style=\"height:1px\" aria-hidden=\"true\" class=\"wp-block-spacer\"><\/div>\n\n\n\n<div class=\"wp-block-group alignfull is-layout-constrained wp-container-core-group-is-layout-1fddcd31 wp-block-group-is-layout-constrained\">\n<div class=\"wp-block-group alignfull is-layout-constrained wp-container-core-group-is-layout-73405a87 wp-block-group-is-layout-constrained\">\n<figure class=\"wp-block-embed is-type-rich is-provider-spotify wp-block-embed-spotify\"><div class=\"wp-block-embed__wrapper\">\n<iframe title=\"Spotify Embed: La mort dans la main (Original Motion Picture Soundtrack)\" style=\"border-radius: 12px\" width=\"100%\" height=\"352\" frameborder=\"0\" allowfullscreen allow=\"autoplay; clipboard-write; encrypted-media; fullscreen; picture-in-picture\" loading=\"lazy\" src=\"https:\/\/open.spotify.com\/embed\/album\/4wOO6GFayhRY4dt5z7ZQxo?si=abTTdM1rQFut622ewShz7Q&amp;utm_source=oembed\"><\/iframe>\n<\/div><\/figure>\n<\/div>\n<\/div>\n\n\n\n<hr class=\"wp-block-separator has-text-color has-alpha-channel-opacity has-background is-style-wide\" style=\"margin-top:var(--wp--preset--spacing--medium);margin-bottom:var(--wp--preset--spacing--medium);background-color:#2b5d3c;color:#2b5d3c\"\/>\n<\/div>\n\n\n\n<div class=\"wp-block-group alignfull is-layout-constrained wp-container-core-group-is-layout-73405a87 wp-block-group-is-layout-constrained\">\n<h2 class=\"wp-block-heading has-text-align-center\">AU FIL DES CYCLES<\/h2>\n\n\n\n<p style=\"font-size:clamp(14px, 0.875rem + ((1vw - 3.2px) * 0.223), 15px);\">Bande originale compos\u00e9e pour le court-m\u00e9trage&nbsp;<em>Au fil des cycles<\/em>. Pr\u00e9sent\u00e9e sous la forme d\u2019un album de sept titres, la bande originale comprend cinq morceaux pr\u00e9sents dans le court-m\u00e9trage, chacun refl\u00e9tant le paysage \u00e9motionnel du personnage f\u00e9minin principal, tandis que deux titres bonus en prolongent l\u2019univers musical.<\/p>\n\n\n\n<p style=\"font-size:clamp(14px, 0.875rem + ((1vw - 3.2px) * 0.223), 15px);\"><a href=\"https:\/\/mhm.art\/fr\/au-fil-des-cycles\/\" title=\"\">EN SAVOIR PLUS<\/a><\/p>\n\n\n\n<div style=\"height:1px\" aria-hidden=\"true\" class=\"wp-block-spacer\"><\/div>\n\n\n\n<div class=\"wp-block-group alignfull is-layout-constrained wp-container-core-group-is-layout-1fddcd31 wp-block-group-is-layout-constrained\">\n<div class=\"wp-block-group alignfull is-layout-constrained wp-container-core-group-is-layout-73405a87 wp-block-group-is-layout-constrained\">\n<figure class=\"wp-block-embed is-type-rich is-provider-spotify wp-block-embed-spotify\"><div class=\"wp-block-embed__wrapper\">\n<iframe title=\"Spotify Embed: Au fil des cycles (Original Motion Picture Soundtrack)\" style=\"border-radius: 12px\" width=\"100%\" height=\"352\" frameborder=\"0\" allowfullscreen allow=\"autoplay; clipboard-write; encrypted-media; fullscreen; picture-in-picture\" loading=\"lazy\" src=\"https:\/\/open.spotify.com\/embed\/album\/5eu5gQ7BtH9p7bFqGhNxfn?si=dm5Ws4hyT0y2pmScvbUrMg&amp;utm_source=oembed\"><\/iframe>\n<\/div><\/figure>\n<\/div>\n<\/div>\n\n\n\n<hr class=\"wp-block-separator has-text-color has-alpha-channel-opacity has-background is-style-wide\" style=\"margin-top:var(--wp--preset--spacing--medium);margin-bottom:var(--wp--preset--spacing--medium);background-color:#2b5d3c;color:#2b5d3c\"\/>\n<\/div>\n\n\n\n<div class=\"wp-block-group alignfull is-layout-constrained wp-container-core-group-is-layout-73405a87 wp-block-group-is-layout-constrained\">\n<h2 class=\"wp-block-heading has-text-align-center\">INTO FOREVER<\/h2>\n\n\n\n<p style=\"font-size:clamp(14px, 0.875rem + ((1vw - 3.2px) * 0.223), 15px);\">Six musiques originales, chacune soigneusement pens\u00e9e pour accompagner un moment unique de cette journ\u00e9e exceptionnelle :&nbsp;<em>Genesis Of A Dream<\/em>&nbsp;pour la c\u00e9r\u00e9monie civile,&nbsp;<em>Light Upon Us<\/em>&nbsp;et&nbsp;<em>Ember Within<\/em>&nbsp;pour la b\u00e9n\u00e9diction \u00e0 l\u2019\u00e9glise,&nbsp;<em>Ballet Of Birds<\/em> pour une valse partag\u00e9e avec sa femme,&nbsp;<em>My Special Melody<\/em>&nbsp;pour une bo\u00eete \u00e0 musique imagin\u00e9e sp\u00e9cialement pour l\u2019\u00e9v\u00e9nement, et&nbsp;<em>Infinite Grace<\/em>&nbsp;en remerciement \u00e0 toutes les personnes venues partager cette journ\u00e9e avec eux.<\/p>\n\n\n\n<p style=\"font-size:clamp(14px, 0.875rem + ((1vw - 3.2px) * 0.223), 15px);\"><a href=\"https:\/\/mhm.art\/fr\/into-forever\/\" title=\"(no title)\">EN SAVOIR PLUS<\/a><\/p>\n\n\n\n<div style=\"height:1px\" aria-hidden=\"true\" class=\"wp-block-spacer\"><\/div>\n\n\n\n<div class=\"wp-block-group alignfull is-layout-constrained wp-container-core-group-is-layout-1fddcd31 wp-block-group-is-layout-constrained\">\n<div class=\"wp-block-group alignfull is-layout-constrained wp-container-core-group-is-layout-73405a87 wp-block-group-is-layout-constrained\">\n<figure class=\"wp-block-embed is-type-rich is-provider-spotify wp-block-embed-spotify\"><div class=\"wp-block-embed__wrapper\">\n<iframe title=\"Spotify Embed: Into Forever\" style=\"border-radius: 12px\" width=\"100%\" height=\"352\" frameborder=\"0\" allowfullscreen allow=\"autoplay; clipboard-write; encrypted-media; fullscreen; picture-in-picture\" loading=\"lazy\" src=\"https:\/\/open.spotify.com\/embed\/album\/3X6p5UBKsfzOG3kq5ZItaF?si=8r36vshBQsW4-WCC2er-CQ&amp;utm_source=oembed\"><\/iframe>\n<\/div><\/figure>\n<\/div>\n<\/div>\n<\/div>","protected":false},"excerpt":{"rendered":"<p>CADRE DEUX VIES Original music composed for the animated short film&nbsp;Cadres deux vies, inspired by the world of painting and poetic storytelling. LEARN MORE LA MORT DANS LA MAIN Original music composed for the short film&nbsp;La mort dans la main, paying homage to the cinematic legacy of Alfred Hitchcock and, by extension, to the music [&hellip;]<\/p>\n","protected":false},"author":1,"featured_media":0,"parent":0,"menu_order":0,"comment_status":"closed","ping_status":"closed","template":"","meta":{"_monsterinsights_skip_tracking":false,"_monsterinsights_sitenote_active":false,"_monsterinsights_sitenote_note":"","_monsterinsights_sitenote_category":0,"_glsr_average":0,"_glsr_ranking":0,"_glsr_reviews":0,"footnotes":"","beyondwords_generate_audio":"1","beyondwords_integration_method":"rest-api","beyondwords_project_id":"13694","beyondwords_content_id":"","beyondwords_preview_token":"","beyondwords_player_content":"","beyondwords_player_style":"","beyondwords_language_code":"","beyondwords_language_id":"","beyondwords_title_voice_id":"","beyondwords_body_voice_id":"","beyondwords_summary_voice_id":"","beyondwords_error_message":"#401: Unauthorized","beyondwords_disabled":"1","beyondwords_delete_content":"","beyondwords_podcast_id":"5375665","beyondwords_hash":"1c9ebfdee2a2ca3230c3360ace072f1d355a3bd9","publish_post_to_speechkit":"","speechkit_hash":"","speechkit_generate_audio":"","speechkit_project_id":"","speechkit_podcast_id":"","speechkit_error_message":"","speechkit_disabled":"","speechkit_access_key":"","speechkit_error":"","speechkit_info":"","speechkit_response":"","speechkit_retries":"","speechkit_status":"","speechkit_updated_at":"","_speechkit_link":"","_speechkit_text":""},"class_list":["post-4190","page","type-page","status-publish","hentry"],"aioseo_notices":[],"_links":{"self":[{"href":"https:\/\/mhm.art\/fr\/wp-json\/wp\/v2\/pages\/4190","targetHints":{"allow":["GET"]}}],"collection":[{"href":"https:\/\/mhm.art\/fr\/wp-json\/wp\/v2\/pages"}],"about":[{"href":"https:\/\/mhm.art\/fr\/wp-json\/wp\/v2\/types\/page"}],"author":[{"embeddable":true,"href":"https:\/\/mhm.art\/fr\/wp-json\/wp\/v2\/users\/1"}],"replies":[{"embeddable":true,"href":"https:\/\/mhm.art\/fr\/wp-json\/wp\/v2\/comments?post=4190"}],"version-history":[{"count":560,"href":"https:\/\/mhm.art\/fr\/wp-json\/wp\/v2\/pages\/4190\/revisions"}],"predecessor-version":[{"id":13373,"href":"https:\/\/mhm.art\/fr\/wp-json\/wp\/v2\/pages\/4190\/revisions\/13373"}],"wp:attachment":[{"href":"https:\/\/mhm.art\/fr\/wp-json\/wp\/v2\/media?parent=4190"}],"curies":[{"name":"wp","href":"https:\/\/api.w.org\/{rel}","templated":true}]}}