{"id":2668,"date":"2022-05-10T14:43:14","date_gmt":"2022-05-10T14:43:14","guid":{"rendered":"https:\/\/mhm.art\/?page_id=2668"},"modified":"2026-04-04T11:13:13","modified_gmt":"2026-04-04T11:13:13","slug":"support","status":"publish","type":"page","link":"https:\/\/mhm.art\/fr\/support\/","title":{"rendered":"Soutenir"},"content":{"rendered":"<div style=\"height:3px\" aria-hidden=\"true\" class=\"wp-block-spacer\"><\/div>\n\n\n\n<div class=\"wp-block-group alignfull is-layout-constrained wp-container-core-group-is-layout-73405a87 wp-block-group-is-layout-constrained\">\n<p class=\"has-text-align-center\" style=\"font-size:clamp(14px, 0.875rem + ((1vw - 3.2px) * 0.223), 15px);font-style:italic;font-weight:400\">Si ma musique r\u00e9sonne en vous et que vous souhaitez contribuer \u00e0 faire perdurer mon art, vous pouvez le faire de bien des fa\u00e7ons. Vous pouvez par exemple acheter mes morceaux sur <a href=\"https:\/\/music.apple.com\/fr\/artist\/mhm\/1532262000?uo=4&amp;app=itunes&amp;at=1001lry3&amp;ct=dashboard\" title=\"\"><strong>iTunes<\/strong><\/a> ou me faire un don via <a href=\"https:\/\/www.paypal.com\/donate\/?hosted_button_id=XEZYB7DLXUGZ8\" title=\"\"><strong>PayPal<\/strong><\/a> afin de soutenir directement mon travail.<\/p>\n\n\n\n<p class=\"has-text-align-center\" style=\"font-size:clamp(14px, 0.875rem + ((1vw - 3.2px) * 0.223), 15px);font-style:italic;font-weight:400\">Votre g\u00e9n\u00e9rosit\u00e9 nourrit non seulement ma musique, mais aussi l\u2019\u00e2me m\u00eame de mon art.<\/p>\n\n\n\n<h2 class=\"wp-block-heading has-text-align-center\" style=\"font-size:clamp(14px, 0.875rem + ((1vw - 3.2px) * 0.223), 15px);\">FAIRE UN DON VIA PAYPAL<\/h2>\n\n\n\n<figure class=\"wp-block-image aligncenter size-full is-resized heart-beat wp-duotone-ffffff-ffffff-1\" style=\"margin-top:var(--wp--preset--spacing--large);margin-bottom:var(--wp--preset--spacing--x-large)\"><img loading=\"lazy\" decoding=\"async\" width=\"600\" height=\"600\" src=\"https:\/\/mhm.art\/wp-content\/uploads\/2026\/02\/anatomical_heart.png\" alt=\"\" class=\"wp-image-13185\" style=\"width:auto;height:120px\" title=\"\" srcset=\"https:\/\/mhm.art\/wp-content\/uploads\/2026\/02\/anatomical_heart.png 600w, https:\/\/mhm.art\/wp-content\/uploads\/2026\/02\/anatomical_heart-300x300.png 300w, https:\/\/mhm.art\/wp-content\/uploads\/2026\/02\/anatomical_heart-150x150.png 150w, https:\/\/mhm.art\/wp-content\/uploads\/2026\/02\/anatomical_heart-12x12.png 12w\" sizes=\"auto, (max-width: 600px) 100vw, 600px\" \/><\/figure>\n\n\n\n<figure class=\"wp-block-image aligncenter size-full is-resized has-custom-border is-style-default wp-duotone-rgb439360-rgb255255255-2\"><a href=\"https:\/\/www.paypal.com\/donate\/?hosted_button_id=XEZYB7DLXUGZ8\"><img loading=\"lazy\" decoding=\"async\" width=\"748\" height=\"136\" src=\"https:\/\/mhm.art\/wp-content\/uploads\/2025\/06\/ppboutondon.png\" alt=\"\" class=\"wp-image-6892\" style=\"border-style:none;border-width:0px;border-radius:0px;object-fit:cover;width:171px;height:auto\" title=\"\" srcset=\"https:\/\/mhm.art\/wp-content\/uploads\/2025\/06\/ppboutondon.png 748w, https:\/\/mhm.art\/wp-content\/uploads\/2025\/06\/ppboutondon-300x55.png 300w, https:\/\/mhm.art\/wp-content\/uploads\/2025\/06\/ppboutondon-18x3.png 18w\" sizes=\"auto, (max-width: 748px) 100vw, 748px\" \/><\/a><\/figure>\n\n\n\n<figure class=\"wp-block-image aligncenter size-full is-resized has-custom-border is-style-default\"><img loading=\"lazy\" decoding=\"async\" width=\"256\" height=\"256\" src=\"https:\/\/mhm.art\/wp-content\/uploads\/2025\/06\/QR-Code.png\" alt=\"\" class=\"has-border-color has-secondary-border-color wp-image-6831\" style=\"border-width:15px;border-radius:15px;width:180px;height:180px\" srcset=\"https:\/\/mhm.art\/wp-content\/uploads\/2025\/06\/QR-Code.png 256w, https:\/\/mhm.art\/wp-content\/uploads\/2025\/06\/QR-Code-150x150.png 150w\" sizes=\"auto, (max-width: 256px) 100vw, 256px\" \/><\/figure>\n<\/div>","protected":false},"excerpt":{"rendered":"<p>If my music resonates with you and you\u2019d like to help keep my art alive, there are many ways to do so. You can, for example, purchase my tracks on iTunes or make a donation via PayPal to directly support my work. Your generosity nourishes not only my music, but also the very soul of [&hellip;]<\/p>\n","protected":false},"author":1,"featured_media":0,"parent":0,"menu_order":0,"comment_status":"closed","ping_status":"closed","template":"","meta":{"_monsterinsights_skip_tracking":false,"_monsterinsights_sitenote_active":false,"_monsterinsights_sitenote_note":"","_monsterinsights_sitenote_category":0,"_glsr_average":0,"_glsr_ranking":0,"_glsr_reviews":0,"footnotes":"","beyondwords_generate_audio":"1","beyondwords_integration_method":"rest-api","beyondwords_project_id":"13694","beyondwords_content_id":"","beyondwords_preview_token":"","beyondwords_player_content":"","beyondwords_player_style":"","beyondwords_language_code":"","beyondwords_language_id":"","beyondwords_title_voice_id":"","beyondwords_body_voice_id":"","beyondwords_summary_voice_id":"","beyondwords_error_message":"#401: Unauthorized","beyondwords_disabled":"1","beyondwords_delete_content":"","beyondwords_podcast_id":"4148222","beyondwords_hash":"480fb951b8d7c24d4b45634a2168f4b30319623d","publish_post_to_speechkit":"1","speechkit_hash":"","speechkit_generate_audio":"1","speechkit_project_id":"13694","speechkit_podcast_id":"4148222","speechkit_error_message":"","speechkit_disabled":"1","speechkit_access_key":"","speechkit_error":"","speechkit_info":"","speechkit_response":"","speechkit_retries":"","speechkit_status":"Updated","speechkit_updated_at":"","_speechkit_link":"","_speechkit_text":""},"class_list":["post-2668","page","type-page","status-publish","hentry"],"aioseo_notices":[],"_links":{"self":[{"href":"https:\/\/mhm.art\/fr\/wp-json\/wp\/v2\/pages\/2668","targetHints":{"allow":["GET"]}}],"collection":[{"href":"https:\/\/mhm.art\/fr\/wp-json\/wp\/v2\/pages"}],"about":[{"href":"https:\/\/mhm.art\/fr\/wp-json\/wp\/v2\/types\/page"}],"author":[{"embeddable":true,"href":"https:\/\/mhm.art\/fr\/wp-json\/wp\/v2\/users\/1"}],"replies":[{"embeddable":true,"href":"https:\/\/mhm.art\/fr\/wp-json\/wp\/v2\/comments?post=2668"}],"version-history":[{"count":287,"href":"https:\/\/mhm.art\/fr\/wp-json\/wp\/v2\/pages\/2668\/revisions"}],"predecessor-version":[{"id":13387,"href":"https:\/\/mhm.art\/fr\/wp-json\/wp\/v2\/pages\/2668\/revisions\/13387"}],"wp:attachment":[{"href":"https:\/\/mhm.art\/fr\/wp-json\/wp\/v2\/media?parent=2668"}],"curies":[{"name":"wp","href":"https:\/\/api.w.org\/{rel}","templated":true}]}}