{"id":10193,"date":"2025-11-13T20:37:30","date_gmt":"2025-11-13T20:37:30","guid":{"rendered":"https:\/\/mhm.art\/?page_id=10193"},"modified":"2026-01-21T12:37:10","modified_gmt":"2026-01-21T12:37:10","slug":"into-forever","status":"publish","type":"page","link":"https:\/\/mhm.art\/fr\/into-forever\/","title":{"rendered":""},"content":{"rendered":"<div style=\"height:3px\" aria-hidden=\"true\" class=\"wp-block-spacer\"><\/div>\n\n\n\n<div class=\"wp-block-group alignfull is-layout-constrained wp-container-core-group-is-layout-73405a87 wp-block-group-is-layout-constrained\">\n<figure class=\"wp-block-image aligncenter size-full is-resized\"><img loading=\"lazy\" decoding=\"async\" width=\"2560\" height=\"2560\" src=\"https:\/\/mhm.art\/wp-content\/uploads\/2025\/11\/Into-Forever-Artwork-2-scaled.jpg\" alt=\"\" class=\"wp-image-9913\" style=\"width:480px\" srcset=\"https:\/\/mhm.art\/wp-content\/uploads\/2025\/11\/Into-Forever-Artwork-2-scaled.jpg 2560w, https:\/\/mhm.art\/wp-content\/uploads\/2025\/11\/Into-Forever-Artwork-2-300x300.jpg 300w, https:\/\/mhm.art\/wp-content\/uploads\/2025\/11\/Into-Forever-Artwork-2-1024x1024.jpg 1024w, https:\/\/mhm.art\/wp-content\/uploads\/2025\/11\/Into-Forever-Artwork-2-150x150.jpg 150w, https:\/\/mhm.art\/wp-content\/uploads\/2025\/11\/Into-Forever-Artwork-2-768x768.jpg 768w, https:\/\/mhm.art\/wp-content\/uploads\/2025\/11\/Into-Forever-Artwork-2-1536x1536.jpg 1536w, https:\/\/mhm.art\/wp-content\/uploads\/2025\/11\/Into-Forever-Artwork-2-2048x2048.jpg 2048w, https:\/\/mhm.art\/wp-content\/uploads\/2025\/11\/Into-Forever-Artwork-2-12x12.jpg 12w, https:\/\/mhm.art\/wp-content\/uploads\/2025\/11\/Into-Forever-Artwork-2-1320x1320.jpg 1320w\" sizes=\"auto, (max-width: 2560px) 100vw, 2560px\" \/><\/figure>\n\n\n\n<div style=\"height:3px\" aria-hidden=\"true\" class=\"wp-block-spacer\"><\/div>\n\n\n\n<p class=\"has-text-align-center is-style-default\" style=\"font-size:clamp(14px, 0.875rem + ((1vw - 3.2px) * 0.223), 15px);\"><a href=\"https:\/\/hyperfollow.com\/in2forever\" title=\"\">DISPONIBLE SUR TOUTES LES PLATEFORMES DE STREAMING<\/a><\/p>\n\n\n\n<p class=\"has-text-align-left is-style-default\" style=\"font-size:clamp(14px, 0.875rem + ((1vw - 3.2px) * 0.223), 15px);\"><strong>\u00c0 l\u2019occasion de son mariage, MHM a compos\u00e9 six musiques originales, chacune soigneusement pens\u00e9e pour accompagner un moment unique de cette journ\u00e9e exceptionnelle :<\/strong>&nbsp;<em>Genesis Of A Dream<\/em>&nbsp;pour la c\u00e9r\u00e9monie civile,&nbsp;<em>Light Upon Us<\/em>&nbsp;et&nbsp;<em>Ember Within<\/em>&nbsp;pour la b\u00e9n\u00e9diction \u00e0 l\u2019\u00e9glise,&nbsp;<em>Ballet Of Birds<\/em>&nbsp;pour une valse partag\u00e9e avec sa femme,&nbsp;<em>My Special Melody<\/em>&nbsp;pour une bo\u00eete \u00e0 musique imagin\u00e9e sp\u00e9cialement pour l\u2019\u00e9v\u00e9nement, et&nbsp;<em>Infinite Grace<\/em>&nbsp;en remerciement \u00e0 toutes les personnes venues partager cette journ\u00e9e avec eux.<\/p>\n\n\n\n<figure class=\"wp-block-image aligncenter size-full is-resized\" style=\"margin-top:var(--wp--preset--spacing--small);margin-bottom:var(--wp--preset--spacing--small)\"><img loading=\"lazy\" decoding=\"async\" width=\"1000\" height=\"798\" src=\"https:\/\/mhm.art\/wp-content\/uploads\/2026\/01\/plain-wedding-rings-png-0.png\" alt=\"\" class=\"wp-image-12858\" style=\"width:90px\" srcset=\"https:\/\/mhm.art\/wp-content\/uploads\/2026\/01\/plain-wedding-rings-png-0.png 1000w, https:\/\/mhm.art\/wp-content\/uploads\/2026\/01\/plain-wedding-rings-png-0-300x239.png 300w, https:\/\/mhm.art\/wp-content\/uploads\/2026\/01\/plain-wedding-rings-png-0-768x613.png 768w, https:\/\/mhm.art\/wp-content\/uploads\/2026\/01\/plain-wedding-rings-png-0-15x12.png 15w\" sizes=\"auto, (max-width: 1000px) 100vw, 1000px\" \/><\/figure>\n\n\n<p class=\"fonts-plugin-block\" style=\"font-family: proxima-nova-semibold !important;font-size: 18px !important\"><mark style=\"background-color:#2b5d3c\" class=\"has-inline-color has-secondary-color\">I\/ Genesis Of A Dream<\/mark><\/p>\n\n<p class=\"fonts-plugin-block\" style=\"font-size: 15px !important\"><strong>Premi\u00e8re des six musiques cr\u00e9\u00e9es pour le mariage,<\/strong>\u00a0<em>Genesis of a Dream<\/em>\u00a0<strong>s\u2019ouvre sur des cordes en spiccato, instaurant un rythme piqu\u00e9 et annonciateur, qui introduit en douceur le d\u00e9but d\u2019un bel \u00e9v\u00e9nement.<\/strong><br>La pi\u00e8ce se construit ensuite principalement autour des sonorit\u00e9s du c\u00e9lesta. Avec ses notes cristallines et oniriques, cet instrument insuffle, d\u00e8s les premi\u00e8res mesures, une atmosph\u00e8re de r\u00eave et d\u2019\u00e9merveillement, comme un pr\u00e9lude \u00e0 toute la magie \u00e0 venir.<br>\u00c0 mi-parcours, l\u2019entr\u00e9e discr\u00e8te des cuivres vient enrichir la trame sonore, apportant une touche de noblesse royale \u00e0 l\u2019ensemble.<\/p>\n\n<p class=\"fonts-plugin-block\" style=\"font-family: proxima-nova-semibold !important;font-size: 18px !important\"><mark style=\"background-color:#2b5d3c\" class=\"has-inline-color has-secondary-color\">II\/ Light Upon Us<\/mark><\/p>\n\n<p class=\"fonts-plugin-block\" style=\"font-size: 15px !important\"><strong>Deuxi\u00e8me des six musiques cr\u00e9\u00e9es pour le mariage,<\/strong>\u00a0<em>Light Upon Us<\/em>\u00a0<strong>est la pi\u00e8ce jou\u00e9e lors de l\u2019entr\u00e9e des mari\u00e9s \u00e0 l\u2019\u00e9glise.<\/strong><br>Elle repose sur une harpe continue, instrument que MHM affectionne tout particuli\u00e8rement pour sa douceur, sa clart\u00e9 et sa capacit\u00e9 \u00e0 \u00e9voquer l\u2019invisible. Pr\u00e9sente d\u00e8s les premi\u00e8res notes, la harpe tisse ici une trame sonore d\u00e9licate et apaisante, progressivement enrichie par des chuchotements subtils, puis par des voix gr\u00e9goriennes et un ch\u0153ur f\u00e9minin, offrant \u00e0 l\u2019ensemble une dimension intime et spirituelle.<\/p>\n\n<p class=\"fonts-plugin-block\" style=\"font-family: proxima-nova-semibold !important;font-size: 18px !important\"><mark style=\"background-color:#2b5d3c\" class=\"has-inline-color has-secondary-color\">III\/ Ember Within<\/mark><\/p>\n\n<p class=\"fonts-plugin-block\" style=\"font-size: 15px !important\"><strong>Troisi\u00e8me des six musiques cr\u00e9\u00e9es pour le mariage,<\/strong>\u00a0<em>Ember Within<\/em>\u00a0<strong>a \u00e9t\u00e9 jou\u00e9e juste apr\u00e8s la b\u00e9n\u00e9diction nuptiale, dans le prolongement de l\u2019\u00e9change des alliances.<\/strong><br>Port\u00e9e par des harmonies lentes et solennelles, elle \u00e9voque une flamme int\u00e9rieure qui vacille doucement sans jamais s\u2019\u00e9teindre.<br>Peu \u00e0 peu, un ch\u0153ur d\u2019enfants s\u2019\u00e9l\u00e8ve, apportant une touche finale d\u2019innocence et de puret\u00e9. \u00c0 travers cette conclusion, MHM affirme que m\u00eame si la vie devient plus s\u00e9rieuse avec le mariage, il ne perdra jamais ce sens de l\u2019\u00e9merveillement et son innocence enfantine. C\u2019est quelque chose de tr\u00e8s important pour lui, quelque chose qu\u2019il essaie de cultiver chaque jour dans sa vie, en tant qu\u2019artiste mais avant tout en tant que personne.<\/p>\n\n<p class=\"fonts-plugin-block\" style=\"font-family: proxima-nova-semibold !important;font-size: 18px !important\"><mark style=\"background-color:#2b5d3c\" class=\"has-inline-color has-secondary-color\">IV\/ Ballet Of Birds<\/mark><\/p>\n\n<p class=\"fonts-plugin-block\" style=\"font-size: 15px !important\">Quatri\u00e8me des six musiques cr\u00e9\u00e9es pour le mariage, <em>Ballet of Birds<\/em> est une valse a\u00e9rienne, l\u00e9g\u00e8re et po\u00e9tique.<br>Pour cette pi\u00e8ce, la musique s\u2019articule principalement autour des instruments \u00e0 cordes, ce qui permet de pr\u00e9server une atmosph\u00e8re profond\u00e9ment intime, fid\u00e8le \u00e0 la d\u00e9licatesse du moment qu\u2019elle \u00e9tait destin\u00e9e \u00e0 accompagner.<br>Contrairement \u00e0 une valse traditionnelle, <em>Ballet of Birds<\/em> ne repose pas sur un rythme ternaire. Son intention n\u2019est pas de suivre les codes \u00e9tablis, mais d\u2019\u00e9voquer la libert\u00e9 du mouvement, \u00e0 l\u2019image de celle des oiseaux.\nL\u2019arriv\u00e9e des voix dans la section finale symbolise justement cet envol, ce moment o\u00f9 la musique s\u2019\u00e9l\u00e8ve, comme port\u00e9e par des ailes.<\/p>\n\n<p class=\"fonts-plugin-block\" style=\"font-family: proxima-nova-semibold !important;font-size: 18px !important\"><mark style=\"background-color:#2b5d3c\" class=\"has-inline-color has-secondary-color\">V\/ My Special Melody<\/mark><\/p>\n\n<p class=\"fonts-plugin-block\" style=\"font-size: 15px !important\"><strong>Cinqui\u00e8me des six musiques cr\u00e9\u00e9es pour le mariage,<\/strong>\u00a0<em>My Special Melody<\/em>\u00a0<strong>est une composition sur mesure cr\u00e9\u00e9e pour une bo\u00eete \u00e0 musique imagin\u00e9e sp\u00e9cialement pour l\u2019\u00e9v\u00e9nement.<\/strong><br>Cette bo\u00eete \u00e0 musique constituait la r\u00e9compense finale d\u2019un jeu de piste h\u00e9berg\u00e9 sur le site\u00a0<a href=\"https:\/\/myspecialmelody.com\/\"><strong>myspecialmelody.com<\/strong><\/a>, con\u00e7u par MHM lui-m\u00eame.<\/p>\n\n<p class=\"fonts-plugin-block\" style=\"font-family: proxima-nova-semibold !important;font-size: 18px !important\"><mark style=\"background-color:#2b5d3c\" class=\"has-inline-color has-secondary-color\">VI\/ Infinite Grace<\/mark><\/p>\n\n<p class=\"fonts-plugin-block\" style=\"font-size: 15px !important\"><strong>Sixi\u00e8me et derni\u00e8re musique cr\u00e9\u00e9e pour le mariage,<\/strong>\u00a0<em>Infinite Grace<\/em>\u00a0<strong>est la seule \u00e0 ne pas avoir \u00e9t\u00e9 jou\u00e9e lors de la c\u00e9r\u00e9monie.<\/strong><br>Sp\u00e9cialement compos\u00e9e en remerciement pour les invit\u00e9s, elle a pour vocation non seulement d\u2019exprimer la gratitude du couple, mais aussi de prolonger un peu la magie de cette journ\u00e9e sur le chemin du retour, afin que chacun emporte avec lui une derni\u00e8re note de gr\u00e2ce et d\u2019\u00e9motion.<\/p><\/div>","protected":false},"excerpt":{"rendered":"<p>AVAILABLE ON ALL STREAMING PLATFORMS For his wedding, MHM composed six original pieces, each carefully crafted to accompany a unique moment of this special day:&nbsp;Genesis Of A Dream&nbsp;for the civil ceremony,&nbsp;Light Upon Us&nbsp;and&nbsp;Ember Within&nbsp;for the church blessing,&nbsp;Ballet Of Birds&nbsp;for a waltz shared with his wife,&nbsp;My Special Melody&nbsp;for a music box created especially for the event, [&hellip;]<\/p>\n","protected":false},"author":1,"featured_media":0,"parent":0,"menu_order":0,"comment_status":"closed","ping_status":"closed","template":"","meta":{"_monsterinsights_skip_tracking":false,"_monsterinsights_sitenote_active":false,"_monsterinsights_sitenote_note":"","_monsterinsights_sitenote_category":0,"_glsr_average":0,"_glsr_ranking":0,"_glsr_reviews":0,"footnotes":"","beyondwords_generate_audio":"","beyondwords_integration_method":"","beyondwords_project_id":"","beyondwords_content_id":"","beyondwords_preview_token":"","beyondwords_player_content":"","beyondwords_player_style":"","beyondwords_language_code":"","beyondwords_language_id":"","beyondwords_title_voice_id":"","beyondwords_body_voice_id":"","beyondwords_summary_voice_id":"","beyondwords_error_message":"#401: Unauthorized","beyondwords_disabled":"","beyondwords_delete_content":"","beyondwords_podcast_id":"","beyondwords_hash":"","publish_post_to_speechkit":"","speechkit_hash":"","speechkit_generate_audio":"","speechkit_project_id":"","speechkit_podcast_id":"","speechkit_error_message":"","speechkit_disabled":"","speechkit_access_key":"","speechkit_error":"","speechkit_info":"","speechkit_response":"","speechkit_retries":"","speechkit_status":"","speechkit_updated_at":"","_speechkit_link":"","_speechkit_text":""},"class_list":["post-10193","page","type-page","status-publish","hentry"],"aioseo_notices":[],"_links":{"self":[{"href":"https:\/\/mhm.art\/fr\/wp-json\/wp\/v2\/pages\/10193","targetHints":{"allow":["GET"]}}],"collection":[{"href":"https:\/\/mhm.art\/fr\/wp-json\/wp\/v2\/pages"}],"about":[{"href":"https:\/\/mhm.art\/fr\/wp-json\/wp\/v2\/types\/page"}],"author":[{"embeddable":true,"href":"https:\/\/mhm.art\/fr\/wp-json\/wp\/v2\/users\/1"}],"replies":[{"embeddable":true,"href":"https:\/\/mhm.art\/fr\/wp-json\/wp\/v2\/comments?post=10193"}],"version-history":[{"count":49,"href":"https:\/\/mhm.art\/fr\/wp-json\/wp\/v2\/pages\/10193\/revisions"}],"predecessor-version":[{"id":12869,"href":"https:\/\/mhm.art\/fr\/wp-json\/wp\/v2\/pages\/10193\/revisions\/12869"}],"wp:attachment":[{"href":"https:\/\/mhm.art\/fr\/wp-json\/wp\/v2\/media?parent=10193"}],"curies":[{"name":"wp","href":"https:\/\/api.w.org\/{rel}","templated":true}]}}